{"id":109396,"date":"2023-03-29T09:32:07","date_gmt":"2023-03-29T07:32:07","guid":{"rendered":"https:\/\/whadda.com\/product\/ir-obstakelsensor-wpse330\/"},"modified":"2025-11-03T06:40:32","modified_gmt":"2025-11-03T05:40:32","slug":"ir-obstakelsensor-wpse330","status":"publish","type":"product","link":"https:\/\/whadda.com\/nl\/product\/ir-obstakelsensor-wpse330\/","title":{"rendered":"IR-OBSTAKELSENSOR"},"content":{"rendered":"<p>Deze module detecteert hindernissen en is ideaal voor robotprojecten. Eenvoudig aan te sluiten op Arduino\u00ae en compatibele boards. De module heeft twee potentiometers, \u00e9\u00e9n om de frequentie te regelen en \u00e9\u00e9n om de intensiteit te controleren.<\/p>\n<p>Dit product is een vervanging van: VMA330<\/p>\n<h3>Kenmerken<\/h3>\n<ul>\n<li>Brede spanningscompatibiliteit: Deze module werkt betrouwbaar binnen een spanning van 3 tot 5 VDC, wat betekent dat die geschikt is voor verschillende elektronische toepassingen.<\/li>\n<li>Aanpasbare detectie: Met twee potentiometers kun je de frequentie en intensiteit van de sensor aanpassen, waardoor je de nauwkeurigheid en prestaties kunt optimaliseren voor jouw specifieke toepassing.<\/li>\n<li>Veelzijdige toepassingen: Deze module is veelzijdig en geschikt voor diverse toepassingen, van automatisering, domotica en robotica tot milieu- en industri\u00eble monitoring.<\/li>\n<li>STEM-project: Ontwikkel en verbeter je STEM-skills en verwerf met deze educatieve kit de nodige kennis, vaardigheden en ervaring om de technologische uitdagingen van de toekomst het hoofd te bieden. Deze educatieve kit zal een aantal processen zoals probleemoplossend, onderzoekend en creatief denken in gang zetten.<\/li>\n<li>Made in Belgium: Whadda is een uniek merk van het Belgische Velleman Group dat DIY-projecten aanbiedt voor hobbyisten of makers die zich willen verdiepen in elektronica, programmeren en mechanica.<\/li>\n<\/ul>\n<h3>Specificaties<\/h3>\n<ul>\n<li>Basis productinformatie:\n<ul>\n<li>Talen van de handleiding: Engels<\/li>\n<li>Primaire kleuren: Wit<\/li>\n<li>Diepte van het product: 3.7 cm<\/li>\n<li>Hoogte van het product: 15.5 cm<\/li>\n<li>Breedte van het product: 7.8 cm<\/li>\n<li>Gewicht Product: 24 g<\/li>\n<\/ul>\n<\/li>\n<li>Technische gegevens:\n<ul>\n<li>Specificaties kits &amp; modules: &lt;ul&gt; &lt;li&gt;bedrijfsspanning: 3,3 V tot 5 V&lt;\/li&gt; &lt;li&gt;uitgang: digitaal (aan\/uit)&lt;\/li&gt; &lt;li&gt;detectiedrempel: instelbaar met 2 trimmers&lt;\/li&gt; &lt;li&gt;afstandsbereik: 2 tot 10 cm&lt;\/li&gt; &lt;li&gt;aanpassing R6: frequentieaanpassing 38 KHz (reeds geoptimaliseerd)&lt;\/li&gt; &lt;li&gt;aanpassing R5: IR LED-vermogensaanpassing (reeds geoptimaliseerd)&lt;\/li&gt; &lt;li&gt;bedrijfstemperatuur: -10C tot +50C&lt;\/li&gt; &lt;li&gt;effectieve hoek: 35&lt;\/li&gt; &lt;li&gt;I\/O-interface: 4-draads interface (- \/ + \/ S \/ EN )&lt;\/li&gt; &lt;\/ul&gt;<\/li>\n<\/ul>\n<\/li>\n<li>Gebruikseigenschappen:\n<ul>\n<li>Coderingsniveau: 2<\/li>\n<li>Elektronica-vaardigheidsniveau: 2<\/li>\n<li>Mechanische vaardigheden: 1<\/li>\n<li>Soldeervaardigheidsniveau: geen<\/li>\n<\/ul>\n<\/li>\n<\/ul>\n","protected":false},"excerpt":{"rendered":"<p>IR-OBSTAKELSENSOR<\/p>\n","protected":false},"featured_media":108828,"template":"","meta":[],"product_brand":[],"product_cat":[2392],"product_tag":[2490,2495,2499],"class_list":{"0":"post-109396","1":"product","2":"type-product","3":"status-publish","4":"has-post-thumbnail","6":"product_cat-programming-computing-prototypingsensorsnl","7":"product_tag-coderen-niveau-2","8":"product_tag-elektronica-niveau-2","9":"product_tag-mechanica-niveau-1","11":"first","12":"outofstock","13":"taxable","14":"shipping-taxable","15":"purchasable","16":"product-type-simple"},"yoast_head":"<!-- This site is optimized with the Yoast SEO Premium plugin v25.3.1 (Yoast SEO v25.3.1) - https:\/\/yoast.com\/wordpress\/plugins\/seo\/ -->\n<title>IR-OBSTAKELSENSOR - Whadda<\/title>\n<meta name=\"description\" content=\"IR-OBSTAKELSENSOR - Whadda\" \/>\n<meta name=\"robots\" content=\"index, follow, max-snippet:-1, max-image-preview:large, max-video-preview:-1\" \/>\n<link rel=\"canonical\" href=\"https:\/\/whadda.com\/nl\/product\/ir-obstakelsensor-wpse330\/\" \/>\n<meta property=\"og:locale\" content=\"nl_NL\" \/>\n<meta property=\"og:type\" content=\"article\" \/>\n<meta property=\"og:title\" content=\"IR-OBSTAKELSENSOR\" \/>\n<meta property=\"og:description\" content=\"IR-OBSTAKELSENSOR - Whadda\" \/>\n<meta property=\"og:url\" content=\"https:\/\/whadda.com\/nl\/product\/ir-obstakelsensor-wpse330\/\" \/>\n<meta property=\"og:site_name\" content=\"Whadda\" \/>\n<meta property=\"article:publisher\" content=\"https:\/\/www.facebook.com\/WhaddaMakers\/\" \/>\n<meta property=\"article:modified_time\" content=\"2025-11-03T05:40:32+00:00\" \/>\n<meta property=\"og:image\" content=\"https:\/\/cdn.whadda.com\/wp-content\/uploads\/2023\/03\/29093200\/vma330-1.jpg\" \/>\n\t<meta property=\"og:image:width\" content=\"600\" \/>\n\t<meta property=\"og:image:height\" content=\"450\" \/>\n\t<meta property=\"og:image:type\" content=\"image\/jpeg\" \/>\n<meta name=\"twitter:card\" content=\"summary_large_image\" \/>\n<meta name=\"twitter:site\" content=\"@Whadda_Makers\" \/>\n<meta name=\"twitter:label1\" content=\"Geschatte leestijd\" \/>\n\t<meta name=\"twitter:data1\" content=\"2 minuten\" \/>\n<script type=\"application\/ld+json\" class=\"yoast-schema-graph\">{\"@context\":\"https:\/\/schema.org\",\"@graph\":[{\"@type\":\"WebPage\",\"@id\":\"https:\/\/whadda.com\/nl\/product\/ir-obstakelsensor-wpse330\/\",\"url\":\"https:\/\/whadda.com\/nl\/product\/ir-obstakelsensor-wpse330\/\",\"name\":\"IR-OBSTAKELSENSOR - Whadda\",\"isPartOf\":{\"@id\":\"https:\/\/whadda.com\/nl\/#website\"},\"primaryImageOfPage\":{\"@id\":\"https:\/\/whadda.com\/nl\/product\/ir-obstakelsensor-wpse330\/#primaryimage\"},\"image\":{\"@id\":\"https:\/\/whadda.com\/nl\/product\/ir-obstakelsensor-wpse330\/#primaryimage\"},\"thumbnailUrl\":\"https:\/\/cdn.whadda.com\/wp-content\/uploads\/2023\/03\/29093200\/vma330-1.jpg\",\"datePublished\":\"2023-03-29T07:32:07+00:00\",\"dateModified\":\"2025-11-03T05:40:32+00:00\",\"description\":\"IR-OBSTAKELSENSOR - Whadda\",\"breadcrumb\":{\"@id\":\"https:\/\/whadda.com\/nl\/product\/ir-obstakelsensor-wpse330\/#breadcrumb\"},\"inLanguage\":\"nl-NL\",\"potentialAction\":[{\"@type\":\"ReadAction\",\"target\":[\"https:\/\/whadda.com\/nl\/product\/ir-obstakelsensor-wpse330\/\"]}]},{\"@type\":\"ImageObject\",\"inLanguage\":\"nl-NL\",\"@id\":\"https:\/\/whadda.com\/nl\/product\/ir-obstakelsensor-wpse330\/#primaryimage\",\"url\":\"https:\/\/cdn.whadda.com\/wp-content\/uploads\/2023\/03\/29093200\/vma330-1.jpg\",\"contentUrl\":\"https:\/\/cdn.whadda.com\/wp-content\/uploads\/2023\/03\/29093200\/vma330-1.jpg\",\"width\":600,\"height\":450},{\"@type\":\"BreadcrumbList\",\"@id\":\"https:\/\/whadda.com\/nl\/product\/ir-obstakelsensor-wpse330\/#breadcrumb\",\"itemListElement\":[{\"@type\":\"ListItem\",\"position\":1,\"name\":\"Home\",\"item\":\"https:\/\/whadda.com\/nl\/\"},{\"@type\":\"ListItem\",\"position\":2,\"name\":\"Winkel\",\"item\":\"https:\/\/whadda.com\/nl\/winkel\/\"},{\"@type\":\"ListItem\",\"position\":3,\"name\":\"IR-OBSTAKELSENSOR\"}]},{\"@type\":\"WebSite\",\"@id\":\"https:\/\/whadda.com\/nl\/#website\",\"url\":\"https:\/\/whadda.com\/nl\/\",\"name\":\"Whadda\",\"description\":\"DIY Electronics &amp; tools for the maker!\",\"potentialAction\":[{\"@type\":\"SearchAction\",\"target\":{\"@type\":\"EntryPoint\",\"urlTemplate\":\"https:\/\/whadda.com\/nl\/?s={search_term_string}\"},\"query-input\":{\"@type\":\"PropertyValueSpecification\",\"valueRequired\":true,\"valueName\":\"search_term_string\"}}],\"inLanguage\":\"nl-NL\"}]}<\/script>\n<!-- \/ Yoast SEO Premium plugin. -->","yoast_head_json":{"title":"IR-OBSTAKELSENSOR - Whadda","description":"IR-OBSTAKELSENSOR - Whadda","robots":{"index":"index","follow":"follow","max-snippet":"max-snippet:-1","max-image-preview":"max-image-preview:large","max-video-preview":"max-video-preview:-1"},"canonical":"https:\/\/whadda.com\/nl\/product\/ir-obstakelsensor-wpse330\/","og_locale":"nl_NL","og_type":"article","og_title":"IR-OBSTAKELSENSOR","og_description":"IR-OBSTAKELSENSOR - Whadda","og_url":"https:\/\/whadda.com\/nl\/product\/ir-obstakelsensor-wpse330\/","og_site_name":"Whadda","article_publisher":"https:\/\/www.facebook.com\/WhaddaMakers\/","article_modified_time":"2025-11-03T05:40:32+00:00","og_image":[{"width":600,"height":450,"url":"https:\/\/cdn.whadda.com\/wp-content\/uploads\/2023\/03\/29093200\/vma330-1.jpg","type":"image\/jpeg"}],"twitter_card":"summary_large_image","twitter_site":"@Whadda_Makers","twitter_misc":{"Geschatte leestijd":"2 minuten"},"schema":{"@context":"https:\/\/schema.org","@graph":[{"@type":"WebPage","@id":"https:\/\/whadda.com\/nl\/product\/ir-obstakelsensor-wpse330\/","url":"https:\/\/whadda.com\/nl\/product\/ir-obstakelsensor-wpse330\/","name":"IR-OBSTAKELSENSOR - Whadda","isPartOf":{"@id":"https:\/\/whadda.com\/nl\/#website"},"primaryImageOfPage":{"@id":"https:\/\/whadda.com\/nl\/product\/ir-obstakelsensor-wpse330\/#primaryimage"},"image":{"@id":"https:\/\/whadda.com\/nl\/product\/ir-obstakelsensor-wpse330\/#primaryimage"},"thumbnailUrl":"https:\/\/cdn.whadda.com\/wp-content\/uploads\/2023\/03\/29093200\/vma330-1.jpg","datePublished":"2023-03-29T07:32:07+00:00","dateModified":"2025-11-03T05:40:32+00:00","description":"IR-OBSTAKELSENSOR - Whadda","breadcrumb":{"@id":"https:\/\/whadda.com\/nl\/product\/ir-obstakelsensor-wpse330\/#breadcrumb"},"inLanguage":"nl-NL","potentialAction":[{"@type":"ReadAction","target":["https:\/\/whadda.com\/nl\/product\/ir-obstakelsensor-wpse330\/"]}]},{"@type":"ImageObject","inLanguage":"nl-NL","@id":"https:\/\/whadda.com\/nl\/product\/ir-obstakelsensor-wpse330\/#primaryimage","url":"https:\/\/cdn.whadda.com\/wp-content\/uploads\/2023\/03\/29093200\/vma330-1.jpg","contentUrl":"https:\/\/cdn.whadda.com\/wp-content\/uploads\/2023\/03\/29093200\/vma330-1.jpg","width":600,"height":450},{"@type":"BreadcrumbList","@id":"https:\/\/whadda.com\/nl\/product\/ir-obstakelsensor-wpse330\/#breadcrumb","itemListElement":[{"@type":"ListItem","position":1,"name":"Home","item":"https:\/\/whadda.com\/nl\/"},{"@type":"ListItem","position":2,"name":"Winkel","item":"https:\/\/whadda.com\/nl\/winkel\/"},{"@type":"ListItem","position":3,"name":"IR-OBSTAKELSENSOR"}]},{"@type":"WebSite","@id":"https:\/\/whadda.com\/nl\/#website","url":"https:\/\/whadda.com\/nl\/","name":"Whadda","description":"DIY Electronics &amp; tools for the maker!","potentialAction":[{"@type":"SearchAction","target":{"@type":"EntryPoint","urlTemplate":"https:\/\/whadda.com\/nl\/?s={search_term_string}"},"query-input":{"@type":"PropertyValueSpecification","valueRequired":true,"valueName":"search_term_string"}}],"inLanguage":"nl-NL"}]}},"_links":{"self":[{"href":"https:\/\/whadda.com\/nl\/wp-json\/wp\/v2\/product\/109396","targetHints":{"allow":["GET"]}}],"collection":[{"href":"https:\/\/whadda.com\/nl\/wp-json\/wp\/v2\/product"}],"about":[{"href":"https:\/\/whadda.com\/nl\/wp-json\/wp\/v2\/types\/product"}],"wp:featuredmedia":[{"embeddable":true,"href":"https:\/\/whadda.com\/nl\/wp-json\/wp\/v2\/media\/108828"}],"wp:attachment":[{"href":"https:\/\/whadda.com\/nl\/wp-json\/wp\/v2\/media?parent=109396"}],"wp:term":[{"taxonomy":"product_brand","embeddable":true,"href":"https:\/\/whadda.com\/nl\/wp-json\/wp\/v2\/product_brand?post=109396"},{"taxonomy":"product_cat","embeddable":true,"href":"https:\/\/whadda.com\/nl\/wp-json\/wp\/v2\/product_cat?post=109396"},{"taxonomy":"product_tag","embeddable":true,"href":"https:\/\/whadda.com\/nl\/wp-json\/wp\/v2\/product_tag?post=109396"}],"curies":[{"name":"wp","href":"https:\/\/api.w.org\/{rel}","templated":true}]}}