{"id":111769,"date":"2024-06-05T07:04:20","date_gmt":"2024-06-05T05:04:20","guid":{"rendered":"https:\/\/whadda.com\/product\/kit-de-projets-electroniques-50-experiences-circuit-lab-kns130\/"},"modified":"2025-12-04T06:40:21","modified_gmt":"2025-12-04T05:40:21","slug":"kit-de-projets-electroniques-50-experiences-circuit-lab-kns130","status":"publish","type":"product","link":"https:\/\/whadda.com\/fr\/produit\/kit-de-projets-electroniques-50-experiences-circuit-lab-kns130\/","title":{"rendered":"Kit de projets \u00e9lectroniques &#8211; 50 exp\u00e9riences &#8211; circuit lab"},"content":{"rendered":"<h3>Caract\ufffdristiques<\/h3>\n<ul>\n<li>Promotion de l&rsquo;apprentissage STEM: Promotion de l&rsquo;apprentissage STEM. L&rsquo;ensemble encourage l&rsquo;int\u00e9r\u00eat et les comp\u00e9tences dans les domaines STEM (Science, Technologie, Ing\u00e9nierie, Math\u00e9matiques), ce qui est crucial pour la croissance \u00e9ducative d&rsquo;un enfant dans le monde actuel, guid\u00e9 par la technologie.<\/li>\n<li>D\u00e9veloppement des comp\u00e9tences de r\u00e9solution de probl\u00e8mes: En r\u00e9alisant des exp\u00e9riences et en r\u00e9solvant des probl\u00e8mes qui peuvent survenir pendant ces exp\u00e9riences, les enfants d\u00e9veloppent d&rsquo;importantes comp\u00e9tences de r\u00e9solution de probl\u00e8mes.<\/li>\n<li>S\u00fbr et adapt\u00e9 aux enfants: Con\u00e7u en tenant compte de la s\u00e9curit\u00e9 des enfants, afin qu&rsquo;ils puissent apprendre et exp\u00e9rimenter sans risques.<\/li>\n<li>Confiance en soi et ind\u00e9pendance: La r\u00e9ussite des exp\u00e9riences peut donner aux enfants un sentiment d&rsquo;accomplissement et de confiance en soi, ce qui favorise leur ind\u00e9pendance dans le processus d&rsquo;apprentissage.<\/li>\n<li>Interaction parent-enfant parfaite: Cela offre une excellente opportunit\u00e9 pour les parents d&rsquo;apprendre et d&rsquo;exp\u00e9rimenter avec leurs enfants, renfor\u00e7ant ainsi le lien parent-enfant.<\/li>\n<\/ul>\n<h3>Specifications<\/h3>\n<ul>\n<li>Informations de base sur le produit:\n<ul>\n<li>Couleurs primaires: Multi<\/li>\n<li>Profondeur du produit: 23 cm<\/li>\n<li>Hauteur du produit: 5 cm<\/li>\n<li>Largeur du produit: 32.4 cm<\/li>\n<li>Poids Produit: 900 g<\/li>\n<\/ul>\n<\/li>\n<li>Caract\u00e9ristiques physiques:\n<ul>\n<li>Montage requis: Non<\/li>\n<\/ul>\n<\/li>\n<li>Informations g\u00e9n\u00e9rales:\n<ul>\n<li>Specifications: &lt;ul&gt; &lt;li&gt;Circuit LED simple&lt;\/li&gt; &lt;li&gt;Lumi\u00e8re LED tournante&lt;\/li&gt; &lt;li&gt;Fonction l&rsquo;interrupteur Reed&lt;\/li&gt; &lt;li&gt;D\u00e9monstration la r\u00e9sistance et du courant&lt;\/li&gt; &lt;li&gt;R\u00e9sistances en s\u00e9rie&lt;\/li&gt; &lt;li&gt;R\u00e9sistances en parall\u00e8le&lt;\/li&gt; &lt;li&gt;Fonction plaque tactile&lt;\/li&gt; &lt;li&gt;D\u00e9mo simple d&rsquo;une fonction du transistor PNP&lt;\/li&gt; &lt;li&gt;D\u00e9mo simple d&rsquo;une fonction du transistor NPN&lt;\/li&gt; &lt;li&gt;Deux diodes \u00e9lectroluminescentes en parall\u00e8le&lt;\/li&gt; &lt;li&gt;Trois diodes \u00e9lectroluminescentes en parall\u00e8le&lt;\/li&gt; &lt;li&gt;LED avec un seul interrupteur&lt;\/li&gt; &lt;li&gt;LED tournante avec interrupteurs s\u00e9par\u00e9s&lt;\/li&gt; &lt;li&gt;Fonctionnement circuit de base d&rsquo;une DEL&lt;\/li&gt; &lt;li&gt;Combinaison de LED&lt;\/li&gt; &lt;li&gt;Fonction d&rsquo;une diode&lt;\/li&gt; &lt;li&gt;D\u00e9mo simple du capteur de lumi\u00e8re&lt;\/li&gt; &lt;li&gt;LED d\u00e9clench\u00e9e par la lumi\u00e8re&lt;\/li&gt; &lt;\/ul&gt;<\/li>\n<li>Specifications extra: &lt;ul&gt; &lt;li&gt;Un exemple pratique: LED d\u00e9clench\u00e9e par l&rsquo;obscurit\u00e9&lt;\/li&gt; &lt;li&gt;D\u00e9monstration fonction simple du SCR&lt;\/li&gt; &lt;li&gt;Exemple pratique de SCR&lt;\/li&gt; &lt;li&gt;Segment num\u00e9rique LED affichant \u00ab\u00a01&lt;\/li&gt; &lt;li&gt;Segment num\u00e9rique LED affichant \u00ab\u00a02\u00a0\u00bb&lt;\/li&gt; &lt;li&gt;Diode \u00e9lectroluminescente segment num\u00e9rique affichant \u00ab\u00a08\u00a0\u00bb&lt;\/li&gt; &lt;li&gt;LED segment num\u00e9rique affichant \u00ab\u00a0F\u00a0\u00bb&lt;\/li&gt; &lt;li&gt;LED segment num\u00e9rique commutant entre \u00ab\u00a01\u00a0\u00bb et \u00ab\u00a08\u00a0\u00bb.&lt;\/li&gt; &lt;li&gt;LED segment num\u00e9rique commutation entre \u00ab\u00a0I\u00a0\u00bb, \u00ab\u00a0L\u00a0\u00bb, \u00ab\u00a0F\u00a0\u00bb et \u00ab\u00a0E\u00a0\u00bb&lt;\/li&gt; &lt;li&gt;R\u00e9gulation l&rsquo;\u00e9clairage par LED \u00e0 sept segments C&lt;\/li&gt; &lt;li&gt;R\u00e9gulation l&rsquo;\u00e9clairage par LED \u00e0 sept segments E&lt;\/li&gt; &lt;li&gt;LED clignotantes&lt;\/li&gt; &lt;li&gt;Aboiement chien avec LED clignotante&lt;\/li&gt; &lt;li&gt;Aboiement chien et chiffre \u00ab\u00a01\u00a0\u00bb clignotant&lt;\/li&gt; &lt;li&gt;Chant du coq et clignotement du chiffre \u00ab\u00a02\u00a0\u00bb.&lt;\/li&gt; &lt;\/ul&gt;<\/li>\n<li>Specifications extra extra: &lt;ul&gt; &lt;li&gt;Miaulement chat, chiffre clignotant \u00ab\u00a03\u00a0\u00bb&lt;\/li&gt; &lt;li&gt;Hennissement cheval, chiffre clignotant \u00ab\u00a04\u00a0\u00bb&lt;\/li&gt; &lt;li&gt;Gazouillis d&rsquo;oiseau, chiffre clignotant \u00ab\u00a05\u00a0\u00bb&lt;\/li&gt; &lt;li&gt;Couac canard, chiffre clignotant \u00ab\u00a06\u00a0\u00bb&lt;\/li&gt; &lt;li&gt;B\u00ealement mouton, chiffre clignotant \u00ab\u00a07\u00a0\u00bb&lt;\/li&gt; &lt;li&gt;Coucou, chiffre clignotant \u00ab\u00a08\u00a0\u00bb&lt;\/li&gt; &lt;li&gt;Coassement grenouille, chiffre clignotant \u00ab\u00a09\u00a0\u00bb&lt;\/li&gt; &lt;li&gt;Commande manuelle hennissement cheval, interrupteur \u00e0 poussoir, chiffre clignotant \u00ab\u00a00\u00a0\u00bb&lt;\/li&gt; &lt;li&gt;Commande magn\u00e9tique b\u00ealement mouton&lt;\/li&gt; &lt;li&gt;Commande tactile du chant du coq&lt;\/li&gt; &lt;li&gt;Commande lumineuse miaulement du chat LED clignotante&lt;\/li&gt; &lt;li&gt;Aboiement chien&lt;\/li&gt; &lt;li&gt;Alarme s\u00e9curit\u00e9&lt;\/li&gt; &lt;li&gt;Alarme niveau d&rsquo;eau&lt;\/li&gt; &lt;li&gt;Indicateur intensit\u00e9 lumineuse&lt;\/li&gt; &lt;li&gt;LED tournante activ\u00e9e dans l&rsquo;obscurit\u00e9&lt;\/li&gt; &lt;li&gt;Contr\u00f4le l&rsquo;\u00e9clairage Lumi\u00e8re&lt;\/li&gt; &lt;\/ul&gt;<\/li>\n<\/ul>\n<\/li>\n<li>Donn\u00e9es techniques:\n<ul>\n<li>Nombre d&rsquo;exp\u00e9riences: 50<\/li>\n<\/ul>\n<\/li>\n<li>Donn\u00e9es environnementales:\n<ul>\n<li>\u00c2ge recommand\u00e9: 8+<\/li>\n<\/ul>\n<\/li>\n<li>Alimentation:\n<ul>\n<li>Piles incluses: Non<\/li>\n<li>Nombre de batteries: 2<\/li>\n<li>Fonctionnement sur batterie: Oui<\/li>\n<li>Tension nominale de la batterie: 1.5 V<\/li>\n<li>Taille de la batterie IEC: AA (LR6, R6, FR6, HR6, KR6, ZR6 ,15A, 15D, 15LF, 1.2H2, 1.2K2, UM3, crayon, MN1500, MX1500, MV1500)<\/li>\n<\/ul>\n<\/li>\n<\/ul>\n","protected":false},"excerpt":{"rendered":"<p>Kit de projets \u00e9lectroniques &#8211; 50 exp\u00e9riences &#8211; circuit lab<\/p>\n","protected":false},"featured_media":112068,"template":"","meta":[],"product_brand":[],"product_cat":[2438],"product_tag":[2514],"class_list":{"0":"post-111769","1":"product","2":"type-product","3":"status-publish","4":"has-post-thumbnail","6":"product_cat-soldering-kits-mini-kitseducational-kitsfr","7":"product_tag-electronique-niveau-1","9":"first","10":"outofstock","11":"taxable","12":"shipping-taxable","13":"purchasable","14":"product-type-simple"},"yoast_head":"<!-- This site is optimized with the Yoast SEO Premium plugin v25.3.1 (Yoast SEO v25.3.1) - https:\/\/yoast.com\/wordpress\/plugins\/seo\/ -->\n<title>Kit de projets \u00e9lectroniques - 50 exp\u00e9riences - circuit lab - Whadda<\/title>\n<meta name=\"description\" content=\"Kit de projets \u00e9lectroniques - 50 exp\u00e9riences - circuit lab - Whadda\" \/>\n<meta name=\"robots\" content=\"index, follow, max-snippet:-1, max-image-preview:large, max-video-preview:-1\" \/>\n<link rel=\"canonical\" href=\"https:\/\/whadda.com\/fr\/produit\/kit-de-projets-electroniques-50-experiences-circuit-lab-kns130\/\" \/>\n<meta property=\"og:locale\" content=\"fr_FR\" \/>\n<meta property=\"og:type\" content=\"article\" \/>\n<meta property=\"og:title\" content=\"Kit de projets \u00e9lectroniques - 50 exp\u00e9riences - circuit lab\" \/>\n<meta property=\"og:description\" content=\"Kit de projets \u00e9lectroniques - 50 exp\u00e9riences - circuit lab - Whadda\" \/>\n<meta property=\"og:url\" content=\"https:\/\/whadda.com\/fr\/produit\/kit-de-projets-electroniques-50-experiences-circuit-lab-kns130\/\" \/>\n<meta property=\"og:site_name\" content=\"Whadda\" \/>\n<meta property=\"article:publisher\" content=\"https:\/\/www.facebook.com\/WhaddaMakers\/\" \/>\n<meta property=\"article:modified_time\" content=\"2025-12-04T05:40:21+00:00\" \/>\n<meta property=\"og:image\" content=\"https:\/\/cdn.whadda.com\/wp-content\/uploads\/2024\/06\/04064120\/kns130_info1-en.jpg\" \/>\n\t<meta property=\"og:image:width\" content=\"2000\" \/>\n\t<meta property=\"og:image:height\" content=\"2000\" \/>\n\t<meta property=\"og:image:type\" content=\"image\/jpeg\" \/>\n<meta name=\"twitter:card\" content=\"summary_large_image\" \/>\n<meta name=\"twitter:site\" content=\"@Whadda_Makers\" \/>\n<meta name=\"twitter:label1\" content=\"Dur\u00e9e de lecture estim\u00e9e\" \/>\n\t<meta name=\"twitter:data1\" content=\"4 minutes\" \/>\n<script type=\"application\/ld+json\" class=\"yoast-schema-graph\">{\"@context\":\"https:\/\/schema.org\",\"@graph\":[{\"@type\":\"WebPage\",\"@id\":\"https:\/\/whadda.com\/fr\/produit\/kit-de-projets-electroniques-50-experiences-circuit-lab-kns130\/\",\"url\":\"https:\/\/whadda.com\/fr\/produit\/kit-de-projets-electroniques-50-experiences-circuit-lab-kns130\/\",\"name\":\"Kit de projets \u00e9lectroniques - 50 exp\u00e9riences - circuit lab - Whadda\",\"isPartOf\":{\"@id\":\"https:\/\/whadda.com\/fr\/#website\"},\"primaryImageOfPage\":{\"@id\":\"https:\/\/whadda.com\/fr\/produit\/kit-de-projets-electroniques-50-experiences-circuit-lab-kns130\/#primaryimage\"},\"image\":{\"@id\":\"https:\/\/whadda.com\/fr\/produit\/kit-de-projets-electroniques-50-experiences-circuit-lab-kns130\/#primaryimage\"},\"thumbnailUrl\":\"https:\/\/cdn.whadda.com\/wp-content\/uploads\/2024\/06\/04064120\/kns130_info1-en.jpg\",\"datePublished\":\"2024-06-05T05:04:20+00:00\",\"dateModified\":\"2025-12-04T05:40:21+00:00\",\"description\":\"Kit de projets \u00e9lectroniques - 50 exp\u00e9riences - circuit lab - Whadda\",\"breadcrumb\":{\"@id\":\"https:\/\/whadda.com\/fr\/produit\/kit-de-projets-electroniques-50-experiences-circuit-lab-kns130\/#breadcrumb\"},\"inLanguage\":\"fr-FR\",\"potentialAction\":[{\"@type\":\"ReadAction\",\"target\":[\"https:\/\/whadda.com\/fr\/produit\/kit-de-projets-electroniques-50-experiences-circuit-lab-kns130\/\"]}]},{\"@type\":\"ImageObject\",\"inLanguage\":\"fr-FR\",\"@id\":\"https:\/\/whadda.com\/fr\/produit\/kit-de-projets-electroniques-50-experiences-circuit-lab-kns130\/#primaryimage\",\"url\":\"https:\/\/cdn.whadda.com\/wp-content\/uploads\/2024\/06\/04064120\/kns130_info1-en.jpg\",\"contentUrl\":\"https:\/\/cdn.whadda.com\/wp-content\/uploads\/2024\/06\/04064120\/kns130_info1-en.jpg\",\"width\":2000,\"height\":2000},{\"@type\":\"BreadcrumbList\",\"@id\":\"https:\/\/whadda.com\/fr\/produit\/kit-de-projets-electroniques-50-experiences-circuit-lab-kns130\/#breadcrumb\",\"itemListElement\":[{\"@type\":\"ListItem\",\"position\":1,\"name\":\"Home\",\"item\":\"https:\/\/whadda.com\/fr\/\"},{\"@type\":\"ListItem\",\"position\":2,\"name\":\"Boutique\",\"item\":\"https:\/\/whadda.com\/fr\/boutique\/\"},{\"@type\":\"ListItem\",\"position\":3,\"name\":\"Kit de projets \u00e9lectroniques &#8211; 50 exp\u00e9riences &#8211; circuit lab\"}]},{\"@type\":\"WebSite\",\"@id\":\"https:\/\/whadda.com\/fr\/#website\",\"url\":\"https:\/\/whadda.com\/fr\/\",\"name\":\"Whadda\",\"description\":\"DIY Electronics &amp; tools for the maker!\",\"potentialAction\":[{\"@type\":\"SearchAction\",\"target\":{\"@type\":\"EntryPoint\",\"urlTemplate\":\"https:\/\/whadda.com\/fr\/?s={search_term_string}\"},\"query-input\":{\"@type\":\"PropertyValueSpecification\",\"valueRequired\":true,\"valueName\":\"search_term_string\"}}],\"inLanguage\":\"fr-FR\"}]}<\/script>\n<!-- \/ Yoast SEO Premium plugin. -->","yoast_head_json":{"title":"Kit de projets \u00e9lectroniques - 50 exp\u00e9riences - circuit lab - Whadda","description":"Kit de projets \u00e9lectroniques - 50 exp\u00e9riences - circuit lab - Whadda","robots":{"index":"index","follow":"follow","max-snippet":"max-snippet:-1","max-image-preview":"max-image-preview:large","max-video-preview":"max-video-preview:-1"},"canonical":"https:\/\/whadda.com\/fr\/produit\/kit-de-projets-electroniques-50-experiences-circuit-lab-kns130\/","og_locale":"fr_FR","og_type":"article","og_title":"Kit de projets \u00e9lectroniques - 50 exp\u00e9riences - circuit lab","og_description":"Kit de projets \u00e9lectroniques - 50 exp\u00e9riences - circuit lab - Whadda","og_url":"https:\/\/whadda.com\/fr\/produit\/kit-de-projets-electroniques-50-experiences-circuit-lab-kns130\/","og_site_name":"Whadda","article_publisher":"https:\/\/www.facebook.com\/WhaddaMakers\/","article_modified_time":"2025-12-04T05:40:21+00:00","og_image":[{"width":2000,"height":2000,"url":"https:\/\/cdn.whadda.com\/wp-content\/uploads\/2024\/06\/04064120\/kns130_info1-en.jpg","type":"image\/jpeg"}],"twitter_card":"summary_large_image","twitter_site":"@Whadda_Makers","twitter_misc":{"Dur\u00e9e de lecture estim\u00e9e":"4 minutes"},"schema":{"@context":"https:\/\/schema.org","@graph":[{"@type":"WebPage","@id":"https:\/\/whadda.com\/fr\/produit\/kit-de-projets-electroniques-50-experiences-circuit-lab-kns130\/","url":"https:\/\/whadda.com\/fr\/produit\/kit-de-projets-electroniques-50-experiences-circuit-lab-kns130\/","name":"Kit de projets \u00e9lectroniques - 50 exp\u00e9riences - circuit lab - Whadda","isPartOf":{"@id":"https:\/\/whadda.com\/fr\/#website"},"primaryImageOfPage":{"@id":"https:\/\/whadda.com\/fr\/produit\/kit-de-projets-electroniques-50-experiences-circuit-lab-kns130\/#primaryimage"},"image":{"@id":"https:\/\/whadda.com\/fr\/produit\/kit-de-projets-electroniques-50-experiences-circuit-lab-kns130\/#primaryimage"},"thumbnailUrl":"https:\/\/cdn.whadda.com\/wp-content\/uploads\/2024\/06\/04064120\/kns130_info1-en.jpg","datePublished":"2024-06-05T05:04:20+00:00","dateModified":"2025-12-04T05:40:21+00:00","description":"Kit de projets \u00e9lectroniques - 50 exp\u00e9riences - circuit lab - Whadda","breadcrumb":{"@id":"https:\/\/whadda.com\/fr\/produit\/kit-de-projets-electroniques-50-experiences-circuit-lab-kns130\/#breadcrumb"},"inLanguage":"fr-FR","potentialAction":[{"@type":"ReadAction","target":["https:\/\/whadda.com\/fr\/produit\/kit-de-projets-electroniques-50-experiences-circuit-lab-kns130\/"]}]},{"@type":"ImageObject","inLanguage":"fr-FR","@id":"https:\/\/whadda.com\/fr\/produit\/kit-de-projets-electroniques-50-experiences-circuit-lab-kns130\/#primaryimage","url":"https:\/\/cdn.whadda.com\/wp-content\/uploads\/2024\/06\/04064120\/kns130_info1-en.jpg","contentUrl":"https:\/\/cdn.whadda.com\/wp-content\/uploads\/2024\/06\/04064120\/kns130_info1-en.jpg","width":2000,"height":2000},{"@type":"BreadcrumbList","@id":"https:\/\/whadda.com\/fr\/produit\/kit-de-projets-electroniques-50-experiences-circuit-lab-kns130\/#breadcrumb","itemListElement":[{"@type":"ListItem","position":1,"name":"Home","item":"https:\/\/whadda.com\/fr\/"},{"@type":"ListItem","position":2,"name":"Boutique","item":"https:\/\/whadda.com\/fr\/boutique\/"},{"@type":"ListItem","position":3,"name":"Kit de projets \u00e9lectroniques &#8211; 50 exp\u00e9riences &#8211; circuit lab"}]},{"@type":"WebSite","@id":"https:\/\/whadda.com\/fr\/#website","url":"https:\/\/whadda.com\/fr\/","name":"Whadda","description":"DIY Electronics &amp; tools for the maker!","potentialAction":[{"@type":"SearchAction","target":{"@type":"EntryPoint","urlTemplate":"https:\/\/whadda.com\/fr\/?s={search_term_string}"},"query-input":{"@type":"PropertyValueSpecification","valueRequired":true,"valueName":"search_term_string"}}],"inLanguage":"fr-FR"}]}},"_links":{"self":[{"href":"https:\/\/whadda.com\/fr\/wp-json\/wp\/v2\/product\/111769","targetHints":{"allow":["GET"]}}],"collection":[{"href":"https:\/\/whadda.com\/fr\/wp-json\/wp\/v2\/product"}],"about":[{"href":"https:\/\/whadda.com\/fr\/wp-json\/wp\/v2\/types\/product"}],"wp:featuredmedia":[{"embeddable":true,"href":"https:\/\/whadda.com\/fr\/wp-json\/wp\/v2\/media\/112068"}],"wp:attachment":[{"href":"https:\/\/whadda.com\/fr\/wp-json\/wp\/v2\/media?parent=111769"}],"wp:term":[{"taxonomy":"product_brand","embeddable":true,"href":"https:\/\/whadda.com\/fr\/wp-json\/wp\/v2\/product_brand?post=111769"},{"taxonomy":"product_cat","embeddable":true,"href":"https:\/\/whadda.com\/fr\/wp-json\/wp\/v2\/product_cat?post=111769"},{"taxonomy":"product_tag","embeddable":true,"href":"https:\/\/whadda.com\/fr\/wp-json\/wp\/v2\/product_tag?post=111769"}],"curies":[{"name":"wp","href":"https:\/\/api.w.org\/{rel}","templated":true}]}}