{"id":109733,"date":"2023-03-29T09:38:48","date_gmt":"2023-03-29T07:38:48","guid":{"rendered":"https:\/\/whadda.com\/product\/shield-capteur-pour-arduino-atmega-wpsh212\/"},"modified":"2024-02-14T07:43:53","modified_gmt":"2024-02-14T06:43:53","slug":"shield-capteur-pour-arduino-atmega-wpsh212","status":"publish","type":"product","link":"https:\/\/whadda.com\/fr\/produit\/shield-capteur-pour-arduino-atmega-wpsh212\/","title":{"rendered":"Shield capteur pour Arduino\u00ae ATmega"},"content":{"rendered":"<p>Ce shield capteur I2C 3V3 pour Arduino Mega est compatible avec le  et vous permet d&rsquo;ajouter jusqu&rsquo;\u00e0 8 capteurs via des connecteurs facilement accessibles.<br \/>Imaginez-vous: vous avez connect\u00e9 un  \u00e0 votre Arduino Mega et vous souhaitez ajouter des capteurs au bus I2C. Cependant, la connexion 3V3 est bloqu\u00e9e sous le shield TFT et vous avez besoin des convertisseurs logiques pour ajouter un capteur 3V3 \u00e0 un bus 5V I2C. Ne cherchez plus, ce shield capteur vous aidera !<\/p>\n<p>Ce produit est un remplacement de: VMA212<\/p>\n<h3>Caract\ufffdristiques<\/h3>\n<ul>\n<li>\u00c9ducatif: D\u00e9couvrez le monde fascinant des kits de soudage Whadda et apprenez les bases de l&rsquo;\u00e9lectronique en r\u00e9alisant des projets passionnants. Chaque kit comprend des instructions et explications d\u00e9taill\u00e9es qui permet aux utilisateurs d\u00e9butants et avanc\u00e9s d&rsquo;apprendre et d&rsquo;exp\u00e9rimenter.<\/li>\n<li>Cr\u00e9ativit\u00e9: Donnez libre cours \u00e0 votre imagination et cr\u00e9ez des projets \u00e9lectroniques uniques avec les kits \u00e0 souder de Whadda. Donnez libre cours \u00e0 votre imagination et cr\u00e9ez votre propre projet !<\/li>\n<li>Fabriqu\u00e9 en Belgique: Whadda est une marque unique de la soci\u00e9t\u00e9 belge Velleman Group destin\u00e9e aux hobbyistes et makers qui veulent se plonger dans la programmation, l&rsquo;\u00e9lectronique et la m\u00e9canique.<\/li>\n<li>Projet STEM: D\u00e9veloppez et am\u00e9liorez vos comp\u00e9tences STEM avec ce kit \u00e9ducatif qui vous permettra d&rsquo;acqu\u00e9rir les connaissances, les comp\u00e9tences et l&rsquo;exp\u00e9rience requises pour relever les d\u00e9fis technologiques de l&rsquo;avenir. Ce kit \u00e9ducatif contribue au d\u00e9veloppement de la r\u00e9solution de probl\u00e8mes et la pens\u00e9e cr\u00e9ative.<\/li>\n<li>Adapt\u00e9 \u00e0 tous les \u00e2ges: Ce kit d&rsquo;exp\u00e9rimentation permet aux petits et aux grands de faire leurs premiers pas dans le monde fascinant de l&rsquo;\u00e9lectronique, m\u00eame avec peu ou pas de connaissances pr\u00e9alables.<\/li>\n<li>Pour petits et grands de 9 \u00e0 99 ans ! Pour les enfants de moins de 14 ans, il est exig\u00e9 d&rsquo;\u00eatre accompagn\u00e9 par un adulte.<\/li>\n<li>Pour commencer vous avez besoin des outils de base suivants (non inclus) : un fer ou une station de soudage, de l&rsquo;\u00e9tain et une pince. Un autre outil pratique est un tapis de soudage antistatique.<\/li>\n<\/ul>\n<h3>Specifications<\/h3>\n<ul>\n<li>Informations de base sur le produit:\n<ul>\n<li>Langues du manuel d&rsquo;instructions: anglais<\/li>\n<li>Couleurs primaires: Gris<\/li>\n<li>Profondeur du produit: 7.5 cm<\/li>\n<li>Hauteur du produit: 3.5 cm<\/li>\n<li>Largeur du produit: 12 cm<\/li>\n<li>Poids Produit: 19 g<\/li>\n<\/ul>\n<\/li>\n<li>Donn\u00e9es techniques:\n<ul>\n<li>Sp\u00e9cifications kits &amp; modules: &lt;ul&gt; &lt;li&gt;4 sorties 3V3&lt;\/li&gt; &lt;li&gt;1 sortie 5 V&lt;\/li&gt; &lt;li&gt;convertisseur logique int\u00e9gr\u00e9 (capteur 3V3 vers bus I2C 5V)&lt;\/li&gt; &lt;li&gt;ajoutez jusqu&rsquo;\u00e0 3 capteurs I2C via des ports d\u00e9di\u00e9s&lt;\/li&gt; &lt;li&gt;2 x broches d&rsquo;interruption (I18 et I19, \u00e9galement connect\u00e9es via un convertisseur logique)&lt;\/li&gt; &lt;li&gt;acc\u00e8s facile \u00e0 cinq capteurs analogiques : A11, A12, A13, A14, A15&lt;\/li&gt; &lt;li&gt;buzzer int\u00e9gr\u00e9 (broche A10)&lt;\/li&gt; &lt;li&gt;s&rsquo;int\u00e8gre parfaitement avec le&lt;\/li&gt; &lt;\/ul&gt; Sp\u00e9cifications &lt;ul&gt; &lt;li&gt;tension d&rsquo;alimentation : 5 V&lt;\/li&gt; &lt;\/ul&gt;<\/li>\n<\/ul>\n<\/li>\n<li>Caract\u00e9ristiques de fonctionnement:\n<ul>\n<li>Niveau de comp\u00e9tence en codage: 1<\/li>\n<li>Niveau de comp\u00e9tence en \u00e9lectronique: 1<\/li>\n<li>Niveau de comp\u00e9tence en m\u00e9canique: 1<\/li>\n<li>Niveau de comp\u00e9tence en soudure: non<\/li>\n<\/ul>\n<\/li>\n<\/ul>\n","protected":false},"excerpt":{"rendered":"<p>Shield capteur pour Arduino\u00ae ATmega<\/p>\n","protected":false},"featured_media":109062,"template":"","meta":[],"product_brand":[],"product_cat":[2460],"product_tag":[2509,2514,2519],"class_list":{"0":"post-109733","1":"product","2":"type-product","3":"status-publish","4":"has-post-thumbnail","6":"product_cat-programming-computing-prototypingshieldsfr","7":"product_tag-codage-niveau-1","8":"product_tag-electronique-niveau-1","9":"product_tag-mecanique-niveau-1","11":"first","12":"instock","13":"taxable","14":"shipping-taxable","15":"purchasable","16":"product-type-simple"},"yoast_head":"<!-- This site is optimized with the Yoast SEO Premium plugin v25.3.1 (Yoast SEO v25.3.1) - https:\/\/yoast.com\/wordpress\/plugins\/seo\/ -->\n<title>Shield capteur pour Arduino\u00ae ATmega - Whadda<\/title>\n<meta name=\"description\" content=\"Shield capteur pour Arduino\u00ae ATmega - Whadda\" \/>\n<meta name=\"robots\" content=\"index, follow, max-snippet:-1, max-image-preview:large, max-video-preview:-1\" \/>\n<link rel=\"canonical\" href=\"https:\/\/whadda.com\/fr\/produit\/shield-capteur-pour-arduino-atmega-wpsh212\/\" \/>\n<meta property=\"og:locale\" content=\"fr_FR\" \/>\n<meta property=\"og:type\" content=\"article\" \/>\n<meta property=\"og:title\" content=\"Shield capteur pour Arduino\u00ae ATmega\" \/>\n<meta property=\"og:description\" content=\"Shield capteur pour Arduino\u00ae ATmega - Whadda\" \/>\n<meta property=\"og:url\" content=\"https:\/\/whadda.com\/fr\/produit\/shield-capteur-pour-arduino-atmega-wpsh212\/\" \/>\n<meta property=\"og:site_name\" content=\"Whadda\" \/>\n<meta property=\"article:publisher\" content=\"https:\/\/www.facebook.com\/WhaddaMakers\/\" \/>\n<meta property=\"article:modified_time\" content=\"2024-02-14T06:43:53+00:00\" \/>\n<meta property=\"og:image\" content=\"https:\/\/cdn.whadda.com\/wp-content\/uploads\/2023\/03\/29093834\/vma212.jpg\" \/>\n\t<meta property=\"og:image:width\" content=\"600\" \/>\n\t<meta property=\"og:image:height\" content=\"450\" \/>\n\t<meta property=\"og:image:type\" content=\"image\/jpeg\" \/>\n<meta name=\"twitter:card\" content=\"summary_large_image\" \/>\n<meta name=\"twitter:site\" content=\"@Whadda_Makers\" \/>\n<meta name=\"twitter:label1\" content=\"Dur\u00e9e de lecture estim\u00e9e\" \/>\n\t<meta name=\"twitter:data1\" content=\"3 minutes\" \/>\n<script type=\"application\/ld+json\" class=\"yoast-schema-graph\">{\"@context\":\"https:\/\/schema.org\",\"@graph\":[{\"@type\":\"WebPage\",\"@id\":\"https:\/\/whadda.com\/fr\/produit\/shield-capteur-pour-arduino-atmega-wpsh212\/\",\"url\":\"https:\/\/whadda.com\/fr\/produit\/shield-capteur-pour-arduino-atmega-wpsh212\/\",\"name\":\"Shield capteur pour Arduino\u00ae ATmega - Whadda\",\"isPartOf\":{\"@id\":\"https:\/\/whadda.com\/fr\/#website\"},\"primaryImageOfPage\":{\"@id\":\"https:\/\/whadda.com\/fr\/produit\/shield-capteur-pour-arduino-atmega-wpsh212\/#primaryimage\"},\"image\":{\"@id\":\"https:\/\/whadda.com\/fr\/produit\/shield-capteur-pour-arduino-atmega-wpsh212\/#primaryimage\"},\"thumbnailUrl\":\"https:\/\/cdn.whadda.com\/wp-content\/uploads\/2023\/03\/29093834\/vma212.jpg\",\"datePublished\":\"2023-03-29T07:38:48+00:00\",\"dateModified\":\"2024-02-14T06:43:53+00:00\",\"description\":\"Shield capteur pour Arduino\u00ae ATmega - Whadda\",\"breadcrumb\":{\"@id\":\"https:\/\/whadda.com\/fr\/produit\/shield-capteur-pour-arduino-atmega-wpsh212\/#breadcrumb\"},\"inLanguage\":\"fr-FR\",\"potentialAction\":[{\"@type\":\"ReadAction\",\"target\":[\"https:\/\/whadda.com\/fr\/produit\/shield-capteur-pour-arduino-atmega-wpsh212\/\"]}]},{\"@type\":\"ImageObject\",\"inLanguage\":\"fr-FR\",\"@id\":\"https:\/\/whadda.com\/fr\/produit\/shield-capteur-pour-arduino-atmega-wpsh212\/#primaryimage\",\"url\":\"https:\/\/cdn.whadda.com\/wp-content\/uploads\/2023\/03\/29093834\/vma212.jpg\",\"contentUrl\":\"https:\/\/cdn.whadda.com\/wp-content\/uploads\/2023\/03\/29093834\/vma212.jpg\",\"width\":600,\"height\":450},{\"@type\":\"BreadcrumbList\",\"@id\":\"https:\/\/whadda.com\/fr\/produit\/shield-capteur-pour-arduino-atmega-wpsh212\/#breadcrumb\",\"itemListElement\":[{\"@type\":\"ListItem\",\"position\":1,\"name\":\"Home\",\"item\":\"https:\/\/whadda.com\/fr\/\"},{\"@type\":\"ListItem\",\"position\":2,\"name\":\"Boutique\",\"item\":\"https:\/\/whadda.com\/fr\/boutique\/\"},{\"@type\":\"ListItem\",\"position\":3,\"name\":\"Shield capteur pour Arduino\u00ae ATmega\"}]},{\"@type\":\"WebSite\",\"@id\":\"https:\/\/whadda.com\/fr\/#website\",\"url\":\"https:\/\/whadda.com\/fr\/\",\"name\":\"Whadda\",\"description\":\"DIY Electronics &amp; tools for the maker!\",\"potentialAction\":[{\"@type\":\"SearchAction\",\"target\":{\"@type\":\"EntryPoint\",\"urlTemplate\":\"https:\/\/whadda.com\/fr\/?s={search_term_string}\"},\"query-input\":{\"@type\":\"PropertyValueSpecification\",\"valueRequired\":true,\"valueName\":\"search_term_string\"}}],\"inLanguage\":\"fr-FR\"}]}<\/script>\n<!-- \/ Yoast SEO Premium plugin. -->","yoast_head_json":{"title":"Shield capteur pour Arduino\u00ae ATmega - Whadda","description":"Shield capteur pour Arduino\u00ae ATmega - Whadda","robots":{"index":"index","follow":"follow","max-snippet":"max-snippet:-1","max-image-preview":"max-image-preview:large","max-video-preview":"max-video-preview:-1"},"canonical":"https:\/\/whadda.com\/fr\/produit\/shield-capteur-pour-arduino-atmega-wpsh212\/","og_locale":"fr_FR","og_type":"article","og_title":"Shield capteur pour Arduino\u00ae ATmega","og_description":"Shield capteur pour Arduino\u00ae ATmega - Whadda","og_url":"https:\/\/whadda.com\/fr\/produit\/shield-capteur-pour-arduino-atmega-wpsh212\/","og_site_name":"Whadda","article_publisher":"https:\/\/www.facebook.com\/WhaddaMakers\/","article_modified_time":"2024-02-14T06:43:53+00:00","og_image":[{"width":600,"height":450,"url":"https:\/\/cdn.whadda.com\/wp-content\/uploads\/2023\/03\/29093834\/vma212.jpg","type":"image\/jpeg"}],"twitter_card":"summary_large_image","twitter_site":"@Whadda_Makers","twitter_misc":{"Dur\u00e9e de lecture estim\u00e9e":"3 minutes"},"schema":{"@context":"https:\/\/schema.org","@graph":[{"@type":"WebPage","@id":"https:\/\/whadda.com\/fr\/produit\/shield-capteur-pour-arduino-atmega-wpsh212\/","url":"https:\/\/whadda.com\/fr\/produit\/shield-capteur-pour-arduino-atmega-wpsh212\/","name":"Shield capteur pour Arduino\u00ae ATmega - Whadda","isPartOf":{"@id":"https:\/\/whadda.com\/fr\/#website"},"primaryImageOfPage":{"@id":"https:\/\/whadda.com\/fr\/produit\/shield-capteur-pour-arduino-atmega-wpsh212\/#primaryimage"},"image":{"@id":"https:\/\/whadda.com\/fr\/produit\/shield-capteur-pour-arduino-atmega-wpsh212\/#primaryimage"},"thumbnailUrl":"https:\/\/cdn.whadda.com\/wp-content\/uploads\/2023\/03\/29093834\/vma212.jpg","datePublished":"2023-03-29T07:38:48+00:00","dateModified":"2024-02-14T06:43:53+00:00","description":"Shield capteur pour Arduino\u00ae ATmega - Whadda","breadcrumb":{"@id":"https:\/\/whadda.com\/fr\/produit\/shield-capteur-pour-arduino-atmega-wpsh212\/#breadcrumb"},"inLanguage":"fr-FR","potentialAction":[{"@type":"ReadAction","target":["https:\/\/whadda.com\/fr\/produit\/shield-capteur-pour-arduino-atmega-wpsh212\/"]}]},{"@type":"ImageObject","inLanguage":"fr-FR","@id":"https:\/\/whadda.com\/fr\/produit\/shield-capteur-pour-arduino-atmega-wpsh212\/#primaryimage","url":"https:\/\/cdn.whadda.com\/wp-content\/uploads\/2023\/03\/29093834\/vma212.jpg","contentUrl":"https:\/\/cdn.whadda.com\/wp-content\/uploads\/2023\/03\/29093834\/vma212.jpg","width":600,"height":450},{"@type":"BreadcrumbList","@id":"https:\/\/whadda.com\/fr\/produit\/shield-capteur-pour-arduino-atmega-wpsh212\/#breadcrumb","itemListElement":[{"@type":"ListItem","position":1,"name":"Home","item":"https:\/\/whadda.com\/fr\/"},{"@type":"ListItem","position":2,"name":"Boutique","item":"https:\/\/whadda.com\/fr\/boutique\/"},{"@type":"ListItem","position":3,"name":"Shield capteur pour Arduino\u00ae ATmega"}]},{"@type":"WebSite","@id":"https:\/\/whadda.com\/fr\/#website","url":"https:\/\/whadda.com\/fr\/","name":"Whadda","description":"DIY Electronics &amp; tools for the maker!","potentialAction":[{"@type":"SearchAction","target":{"@type":"EntryPoint","urlTemplate":"https:\/\/whadda.com\/fr\/?s={search_term_string}"},"query-input":{"@type":"PropertyValueSpecification","valueRequired":true,"valueName":"search_term_string"}}],"inLanguage":"fr-FR"}]}},"_links":{"self":[{"href":"https:\/\/whadda.com\/fr\/wp-json\/wp\/v2\/product\/109733","targetHints":{"allow":["GET"]}}],"collection":[{"href":"https:\/\/whadda.com\/fr\/wp-json\/wp\/v2\/product"}],"about":[{"href":"https:\/\/whadda.com\/fr\/wp-json\/wp\/v2\/types\/product"}],"wp:featuredmedia":[{"embeddable":true,"href":"https:\/\/whadda.com\/fr\/wp-json\/wp\/v2\/media\/109062"}],"wp:attachment":[{"href":"https:\/\/whadda.com\/fr\/wp-json\/wp\/v2\/media?parent=109733"}],"wp:term":[{"taxonomy":"product_brand","embeddable":true,"href":"https:\/\/whadda.com\/fr\/wp-json\/wp\/v2\/product_brand?post=109733"},{"taxonomy":"product_cat","embeddable":true,"href":"https:\/\/whadda.com\/fr\/wp-json\/wp\/v2\/product_cat?post=109733"},{"taxonomy":"product_tag","embeddable":true,"href":"https:\/\/whadda.com\/fr\/wp-json\/wp\/v2\/product_tag?post=109733"}],"curies":[{"name":"wp","href":"https:\/\/api.w.org\/{rel}","templated":true}]}}