{"id":109633,"date":"2023-03-29T09:14:43","date_gmt":"2023-03-29T07:14:43","guid":{"rendered":"https:\/\/whadda.com\/product\/i%c2%b2c-8x16-blue-led-matrix-panel-wpi451\/"},"modified":"2025-11-20T06:41:01","modified_gmt":"2025-11-20T05:41:01","slug":"panneau-matrice-led-8x16-i%c2%b2c-pour-arduino-bleu-wpi451","status":"publish","type":"product","link":"https:\/\/whadda.com\/fr\/produit\/panneau-matrice-led-8x16-i%c2%b2c-pour-arduino-bleu-wpi451\/","title":{"rendered":"PANNEAU MATRICE LED 8&#215;16 I\u00b2C POUR ARDUINO\u00ae &#8211; BLEU"},"content":{"rendered":"<p>Ce module est un panneau \u00e0 matrice LED \u00e9quip\u00e9 de 128 LED bleues, une puce AIP640 (partie arri\u00e8re) et un connecteur \u00e0 4 broches pour GND, VCC, SDA et SCL.<\/p>\n<p>Ce produit est un remplacement de: VMA451<\/p>\n<h3>Caract\ufffdristiques<\/h3>\n<ul>\n<li>Compatibilit\u00e9 flexible: Gr\u00e2ce \u00e0 sa conception sp\u00e9ciale pour Arduino, le panneau peut \u00eatre int\u00e9gr\u00e9 en toute transparence \u00e0 divers projets Arduino.<\/li>\n<li>Haute visibilit\u00e9: Les 128 leds bleus sur le panneau garantissent un affichage clair et lumineux.<\/li>\n<li>Communication fiable: La communication I\u00b2C, combin\u00e9e \u00e0 la puce AIP1640 et \u00e0 un connecteur \u00e0 4 broches, assure un transfert de donn\u00e9es fluide et fiable.<\/li>\n<li>Fabriqu\u00e9 en Belgique: Whadda est une marque unique de la soci\u00e9t\u00e9 belge Velleman Group destin\u00e9e aux hobbyistes et makers qui veulent se plonger dans la programmation, l&rsquo;\u00e9lectronique et la m\u00e9canique.<\/li>\n<li>Projet STEM: D\u00e9veloppez et am\u00e9liorez vos comp\u00e9tences STEM avec ce kit \u00e9ducatif qui vous permettra d&rsquo;acqu\u00e9rir les connaissances, les comp\u00e9tences et l&rsquo;exp\u00e9rience requises pour relever les d\u00e9fis technologiques de l&rsquo;avenir. Ce kit \u00e9ducatif contribue au d\u00e9veloppement de la r\u00e9solution de probl\u00e8mes et la pens\u00e9e cr\u00e9ative.<\/li>\n<\/ul>\n<h3>Specifications<\/h3>\n<ul>\n<li>Informations de base sur le produit:\n<ul>\n<li>Langues du manuel d&rsquo;instructions: anglais<\/li>\n<li>Couleurs primaires: Noir<\/li>\n<li>Profondeur du produit: 32 mm<\/li>\n<li>Hauteur du produit: 8 mm<\/li>\n<li>Largeur du produit: 72 mm<\/li>\n<li>Poids Produit: 22 g<\/li>\n<\/ul>\n<\/li>\n<li>Donn\u00e9es techniques:\n<ul>\n<li>Sp\u00e9cifications kits &amp; modules: Caract\u00e9ristiques tension de fonctionnement : 3,3 \u00e0 5 VDC courant de fonctionnement : max. 200 mA n\u00b0 de leds : 128 Pas des LED : 4 mm communication : I\u00b2C chipset : AIP1640 fr\u00e9quence d&rsquo;oscillation : 450 kHz temp\u00e9rature de fonctionnement : -40 \u00e0 80 \u00b0C poids du panneau : 12 g dimensions : 72 x 32 x 8 mm (2,83 x 1,16 x 0,32 \u00ab\u00a0)<\/li>\n<\/ul>\n<\/li>\n<li>Caract\u00e9ristiques de fonctionnement:\n<ul>\n<li>Niveau de comp\u00e9tence en codage: non<\/li>\n<li>Niveau de comp\u00e9tence en \u00e9lectronique: non<\/li>\n<li>Niveau de comp\u00e9tence en m\u00e9canique: non<\/li>\n<li>Niveau de comp\u00e9tence en soudure: non<\/li>\n<\/ul>\n<\/li>\n<\/ul>\n","protected":false},"excerpt":{"rendered":"<p>PANNEAU MATRICE LED 8&#215;16 I\u00b2C POUR ARDUINO\u00ae &#8211; BLEU<\/p>\n","protected":false},"featured_media":108158,"template":"","meta":[],"product_brand":[],"product_cat":[2445],"product_tag":[],"class_list":{"0":"post-109633","1":"product","2":"type-product","3":"status-publish","4":"has-post-thumbnail","6":"product_cat-programming-computing-prototypinginterfacesfr","8":"first","9":"instock","10":"taxable","11":"shipping-taxable","12":"purchasable","13":"product-type-simple"},"yoast_head":"<!-- This site is optimized with the Yoast SEO Premium plugin v25.3.1 (Yoast SEO v25.3.1) - https:\/\/yoast.com\/wordpress\/plugins\/seo\/ -->\n<title>PANNEAU MATRICE LED 8x16 I\u00b2C POUR ARDUINO\u00ae - BLEU - Whadda<\/title>\n<meta name=\"description\" content=\"PANNEAU MATRICE LED 8x16 I\u00b2C POUR ARDUINO\u00ae - BLEU - Whadda\" \/>\n<meta name=\"robots\" content=\"index, follow, max-snippet:-1, max-image-preview:large, max-video-preview:-1\" \/>\n<link rel=\"canonical\" href=\"https:\/\/whadda.com\/fr\/produit\/panneau-matrice-led-8x16-i%c2%b2c-pour-arduino-bleu-wpi451\/\" \/>\n<meta property=\"og:locale\" content=\"fr_FR\" \/>\n<meta property=\"og:type\" content=\"article\" \/>\n<meta property=\"og:title\" content=\"PANNEAU MATRICE LED 8x16 I\u00b2C POUR ARDUINO\u00ae - BLEU\" \/>\n<meta property=\"og:description\" content=\"PANNEAU MATRICE LED 8x16 I\u00b2C POUR ARDUINO\u00ae - BLEU - Whadda\" \/>\n<meta property=\"og:url\" content=\"https:\/\/whadda.com\/fr\/produit\/panneau-matrice-led-8x16-i%c2%b2c-pour-arduino-bleu-wpi451\/\" \/>\n<meta property=\"og:site_name\" content=\"Whadda\" \/>\n<meta property=\"article:publisher\" content=\"https:\/\/www.facebook.com\/WhaddaMakers\/\" \/>\n<meta property=\"article:modified_time\" content=\"2025-11-20T05:41:01+00:00\" \/>\n<meta property=\"og:image\" content=\"https:\/\/cdn.whadda.com\/wp-content\/uploads\/2023\/03\/29091434\/vma451.jpg\" \/>\n\t<meta property=\"og:image:width\" content=\"600\" \/>\n\t<meta property=\"og:image:height\" content=\"450\" \/>\n\t<meta property=\"og:image:type\" content=\"image\/jpeg\" \/>\n<meta name=\"twitter:card\" content=\"summary_large_image\" \/>\n<meta name=\"twitter:site\" content=\"@Whadda_Makers\" \/>\n<meta name=\"twitter:label1\" content=\"Dur\u00e9e de lecture estim\u00e9e\" \/>\n\t<meta name=\"twitter:data1\" content=\"1 minute\" \/>\n<script type=\"application\/ld+json\" class=\"yoast-schema-graph\">{\"@context\":\"https:\/\/schema.org\",\"@graph\":[{\"@type\":\"WebPage\",\"@id\":\"https:\/\/whadda.com\/fr\/produit\/panneau-matrice-led-8x16-i%c2%b2c-pour-arduino-bleu-wpi451\/\",\"url\":\"https:\/\/whadda.com\/fr\/produit\/panneau-matrice-led-8x16-i%c2%b2c-pour-arduino-bleu-wpi451\/\",\"name\":\"PANNEAU MATRICE LED 8x16 I\u00b2C POUR ARDUINO\u00ae - BLEU - Whadda\",\"isPartOf\":{\"@id\":\"https:\/\/whadda.com\/fr\/#website\"},\"primaryImageOfPage\":{\"@id\":\"https:\/\/whadda.com\/fr\/produit\/panneau-matrice-led-8x16-i%c2%b2c-pour-arduino-bleu-wpi451\/#primaryimage\"},\"image\":{\"@id\":\"https:\/\/whadda.com\/fr\/produit\/panneau-matrice-led-8x16-i%c2%b2c-pour-arduino-bleu-wpi451\/#primaryimage\"},\"thumbnailUrl\":\"https:\/\/cdn.whadda.com\/wp-content\/uploads\/2023\/03\/29091434\/vma451.jpg\",\"datePublished\":\"2023-03-29T07:14:43+00:00\",\"dateModified\":\"2025-11-20T05:41:01+00:00\",\"description\":\"PANNEAU MATRICE LED 8x16 I\u00b2C POUR ARDUINO\u00ae - BLEU - Whadda\",\"breadcrumb\":{\"@id\":\"https:\/\/whadda.com\/fr\/produit\/panneau-matrice-led-8x16-i%c2%b2c-pour-arduino-bleu-wpi451\/#breadcrumb\"},\"inLanguage\":\"fr-FR\",\"potentialAction\":[{\"@type\":\"ReadAction\",\"target\":[\"https:\/\/whadda.com\/fr\/produit\/panneau-matrice-led-8x16-i%c2%b2c-pour-arduino-bleu-wpi451\/\"]}]},{\"@type\":\"ImageObject\",\"inLanguage\":\"fr-FR\",\"@id\":\"https:\/\/whadda.com\/fr\/produit\/panneau-matrice-led-8x16-i%c2%b2c-pour-arduino-bleu-wpi451\/#primaryimage\",\"url\":\"https:\/\/cdn.whadda.com\/wp-content\/uploads\/2023\/03\/29091434\/vma451.jpg\",\"contentUrl\":\"https:\/\/cdn.whadda.com\/wp-content\/uploads\/2023\/03\/29091434\/vma451.jpg\",\"width\":600,\"height\":450},{\"@type\":\"BreadcrumbList\",\"@id\":\"https:\/\/whadda.com\/fr\/produit\/panneau-matrice-led-8x16-i%c2%b2c-pour-arduino-bleu-wpi451\/#breadcrumb\",\"itemListElement\":[{\"@type\":\"ListItem\",\"position\":1,\"name\":\"Home\",\"item\":\"https:\/\/whadda.com\/fr\/\"},{\"@type\":\"ListItem\",\"position\":2,\"name\":\"Boutique\",\"item\":\"https:\/\/whadda.com\/fr\/boutique\/\"},{\"@type\":\"ListItem\",\"position\":3,\"name\":\"PANNEAU MATRICE LED 8&#215;16 I\u00b2C POUR ARDUINO\u00ae &#8211; BLEU\"}]},{\"@type\":\"WebSite\",\"@id\":\"https:\/\/whadda.com\/fr\/#website\",\"url\":\"https:\/\/whadda.com\/fr\/\",\"name\":\"Whadda\",\"description\":\"DIY Electronics &amp; tools for the maker!\",\"potentialAction\":[{\"@type\":\"SearchAction\",\"target\":{\"@type\":\"EntryPoint\",\"urlTemplate\":\"https:\/\/whadda.com\/fr\/?s={search_term_string}\"},\"query-input\":{\"@type\":\"PropertyValueSpecification\",\"valueRequired\":true,\"valueName\":\"search_term_string\"}}],\"inLanguage\":\"fr-FR\"}]}<\/script>\n<!-- \/ Yoast SEO Premium plugin. -->","yoast_head_json":{"title":"PANNEAU MATRICE LED 8x16 I\u00b2C POUR ARDUINO\u00ae - BLEU - Whadda","description":"PANNEAU MATRICE LED 8x16 I\u00b2C POUR ARDUINO\u00ae - BLEU - Whadda","robots":{"index":"index","follow":"follow","max-snippet":"max-snippet:-1","max-image-preview":"max-image-preview:large","max-video-preview":"max-video-preview:-1"},"canonical":"https:\/\/whadda.com\/fr\/produit\/panneau-matrice-led-8x16-i%c2%b2c-pour-arduino-bleu-wpi451\/","og_locale":"fr_FR","og_type":"article","og_title":"PANNEAU MATRICE LED 8x16 I\u00b2C POUR ARDUINO\u00ae - BLEU","og_description":"PANNEAU MATRICE LED 8x16 I\u00b2C POUR ARDUINO\u00ae - BLEU - Whadda","og_url":"https:\/\/whadda.com\/fr\/produit\/panneau-matrice-led-8x16-i%c2%b2c-pour-arduino-bleu-wpi451\/","og_site_name":"Whadda","article_publisher":"https:\/\/www.facebook.com\/WhaddaMakers\/","article_modified_time":"2025-11-20T05:41:01+00:00","og_image":[{"width":600,"height":450,"url":"https:\/\/cdn.whadda.com\/wp-content\/uploads\/2023\/03\/29091434\/vma451.jpg","type":"image\/jpeg"}],"twitter_card":"summary_large_image","twitter_site":"@Whadda_Makers","twitter_misc":{"Dur\u00e9e de lecture estim\u00e9e":"1 minute"},"schema":{"@context":"https:\/\/schema.org","@graph":[{"@type":"WebPage","@id":"https:\/\/whadda.com\/fr\/produit\/panneau-matrice-led-8x16-i%c2%b2c-pour-arduino-bleu-wpi451\/","url":"https:\/\/whadda.com\/fr\/produit\/panneau-matrice-led-8x16-i%c2%b2c-pour-arduino-bleu-wpi451\/","name":"PANNEAU MATRICE LED 8x16 I\u00b2C POUR ARDUINO\u00ae - BLEU - Whadda","isPartOf":{"@id":"https:\/\/whadda.com\/fr\/#website"},"primaryImageOfPage":{"@id":"https:\/\/whadda.com\/fr\/produit\/panneau-matrice-led-8x16-i%c2%b2c-pour-arduino-bleu-wpi451\/#primaryimage"},"image":{"@id":"https:\/\/whadda.com\/fr\/produit\/panneau-matrice-led-8x16-i%c2%b2c-pour-arduino-bleu-wpi451\/#primaryimage"},"thumbnailUrl":"https:\/\/cdn.whadda.com\/wp-content\/uploads\/2023\/03\/29091434\/vma451.jpg","datePublished":"2023-03-29T07:14:43+00:00","dateModified":"2025-11-20T05:41:01+00:00","description":"PANNEAU MATRICE LED 8x16 I\u00b2C POUR ARDUINO\u00ae - BLEU - Whadda","breadcrumb":{"@id":"https:\/\/whadda.com\/fr\/produit\/panneau-matrice-led-8x16-i%c2%b2c-pour-arduino-bleu-wpi451\/#breadcrumb"},"inLanguage":"fr-FR","potentialAction":[{"@type":"ReadAction","target":["https:\/\/whadda.com\/fr\/produit\/panneau-matrice-led-8x16-i%c2%b2c-pour-arduino-bleu-wpi451\/"]}]},{"@type":"ImageObject","inLanguage":"fr-FR","@id":"https:\/\/whadda.com\/fr\/produit\/panneau-matrice-led-8x16-i%c2%b2c-pour-arduino-bleu-wpi451\/#primaryimage","url":"https:\/\/cdn.whadda.com\/wp-content\/uploads\/2023\/03\/29091434\/vma451.jpg","contentUrl":"https:\/\/cdn.whadda.com\/wp-content\/uploads\/2023\/03\/29091434\/vma451.jpg","width":600,"height":450},{"@type":"BreadcrumbList","@id":"https:\/\/whadda.com\/fr\/produit\/panneau-matrice-led-8x16-i%c2%b2c-pour-arduino-bleu-wpi451\/#breadcrumb","itemListElement":[{"@type":"ListItem","position":1,"name":"Home","item":"https:\/\/whadda.com\/fr\/"},{"@type":"ListItem","position":2,"name":"Boutique","item":"https:\/\/whadda.com\/fr\/boutique\/"},{"@type":"ListItem","position":3,"name":"PANNEAU MATRICE LED 8&#215;16 I\u00b2C POUR ARDUINO\u00ae &#8211; BLEU"}]},{"@type":"WebSite","@id":"https:\/\/whadda.com\/fr\/#website","url":"https:\/\/whadda.com\/fr\/","name":"Whadda","description":"DIY Electronics &amp; tools for the maker!","potentialAction":[{"@type":"SearchAction","target":{"@type":"EntryPoint","urlTemplate":"https:\/\/whadda.com\/fr\/?s={search_term_string}"},"query-input":{"@type":"PropertyValueSpecification","valueRequired":true,"valueName":"search_term_string"}}],"inLanguage":"fr-FR"}]}},"_links":{"self":[{"href":"https:\/\/whadda.com\/fr\/wp-json\/wp\/v2\/product\/109633","targetHints":{"allow":["GET"]}}],"collection":[{"href":"https:\/\/whadda.com\/fr\/wp-json\/wp\/v2\/product"}],"about":[{"href":"https:\/\/whadda.com\/fr\/wp-json\/wp\/v2\/types\/product"}],"wp:featuredmedia":[{"embeddable":true,"href":"https:\/\/whadda.com\/fr\/wp-json\/wp\/v2\/media\/108158"}],"wp:attachment":[{"href":"https:\/\/whadda.com\/fr\/wp-json\/wp\/v2\/media?parent=109633"}],"wp:term":[{"taxonomy":"product_brand","embeddable":true,"href":"https:\/\/whadda.com\/fr\/wp-json\/wp\/v2\/product_brand?post=109633"},{"taxonomy":"product_cat","embeddable":true,"href":"https:\/\/whadda.com\/fr\/wp-json\/wp\/v2\/product_cat?post=109633"},{"taxonomy":"product_tag","embeddable":true,"href":"https:\/\/whadda.com\/fr\/wp-json\/wp\/v2\/product_tag?post=109633"}],"curies":[{"name":"wp","href":"https:\/\/api.w.org\/{rel}","templated":true}]}}