{"id":109619,"date":"2023-03-29T09:10:31","date_gmt":"2023-03-29T07:10:31","guid":{"rendered":"https:\/\/whadda.com\/product\/module-de-chargement-de-batterie-lithium-1-a-2-pcs-wpm321\/"},"modified":"2024-02-14T07:34:25","modified_gmt":"2024-02-14T06:34:25","slug":"module-de-chargement-de-batterie-lithium-1-a-2-pcs-wpm321","status":"publish","type":"product","link":"https:\/\/whadda.com\/fr\/produit\/module-de-chargement-de-batterie-lithium-1-a-2-pcs-wpm321\/","title":{"rendered":"MODULE DE CHARGEMENT DE BATTERIE LITHIUM 1 A (2 pcs)"},"content":{"rendered":"<p>Bas\u00e9 sur le TP4056, le VMA321 est un chargeur lin\u00e9aire complet courant constant \/ tension constante pour les batteries lithium-ion \u00e0 cellule unique.<\/p>\n<p>Ce produit est un remplacement de: VMA321,MM104<\/p>\n<h3>Caract\ufffdristiques<\/h3>\n<ul>\n<li>Chargement pr\u00e9cis: La puce TP4056 et une pr\u00e9cision de chargement de 1,5% garantissent un processus de chargement s\u00fbr et pr\u00e9cis pour les batteries au lithium-ion.<\/li>\n<li>Courant de charge ajustable: Ajustez le courant de charge jusqu&rsquo;\u00e0 1 A, vous permettant d&rsquo;adapter la vitesse de charge \u00e0 vos besoins.<\/li>\n<li>Indicateurs LED: Des indicateurs LED pratiques affichent l&rsquo;\u00e9tat de charge (vert pour compl\u00e8tement charg\u00e9, rouge pour la charge), ce qui permet de voir facilement quand la batterie est pr\u00eate.<\/li>\n<li>Projet STEM: D\u00e9veloppez et am\u00e9liorez vos comp\u00e9tences STEM avec ce kit \u00e9ducatif qui vous permettra d&rsquo;acqu\u00e9rir les connaissances, les comp\u00e9tences et l&rsquo;exp\u00e9rience requises pour relever les d\u00e9fis technologiques de l&rsquo;avenir. Ce kit \u00e9ducatif contribue au d\u00e9veloppement de la r\u00e9solution de probl\u00e8mes et la pens\u00e9e cr\u00e9ative.<\/li>\n<li>Fabriqu\u00e9 en Belgique: Whadda est une marque unique de la soci\u00e9t\u00e9 belge Velleman Group destin\u00e9e aux hobbyistes et makers qui veulent se plonger dans la programmation, l&rsquo;\u00e9lectronique et la m\u00e9canique.<\/li>\n<\/ul>\n<h3>Specifications<\/h3>\n<ul>\n<li>Informations de base sur le produit:\n<ul>\n<li>Langues du manuel d&rsquo;instructions: anglais<\/li>\n<li>Couleurs primaires: Blanc<\/li>\n<li>Couleurs suppl\u00e9mentaires: Noir<\/li>\n<li>Profondeur du produit: 19 mm<\/li>\n<li>Hauteur du produit: 10 mm<\/li>\n<li>Largeur du produit: 25 mm<\/li>\n<li>Poids Produit: 10 g<\/li>\n<\/ul>\n<\/li>\n<li>Donn\u00e9es techniques:\n<ul>\n<li>Sp\u00e9cifications kits &amp; modules: Sp\u00e9cifications &lt;ul&gt; &lt;li&gt;Tension d&rsquo;entr\u00e9e : 4,5 \u00e0 5,5 VDC (par connecteur USB int\u00e9gr\u00e9)&lt;\/li&gt; &lt;li&gt;courant de charge : 1 A r\u00e9glable&lt;\/li&gt; &lt;li&gt;pr\u00e9cision de charge : 1,5 %&lt;\/li&gt; &lt;li&gt;Tension de charge compl\u00e8te : 4,2 V&lt;\/li&gt; &lt;li&gt;indicateur de charge : vert = compl\u00e8tement charg\u00e9, rouge = en charge&lt;\/li&gt; &lt;li&gt;temp\u00e9rature de fonctionnement : -10 \u00b0C \u00e0 +80 \u00b0C&lt;\/li&gt; &lt;\/ul&gt;<\/li>\n<\/ul>\n<\/li>\n<li>Caract\u00e9ristiques de fonctionnement:\n<ul>\n<li>Niveau de comp\u00e9tence en codage: non<\/li>\n<li>Niveau de comp\u00e9tence en \u00e9lectronique: non<\/li>\n<li>Niveau de comp\u00e9tence en m\u00e9canique: non<\/li>\n<li>Niveau de comp\u00e9tence en soudure: non<\/li>\n<\/ul>\n<\/li>\n<\/ul>\n","protected":false},"excerpt":{"rendered":"<p>MODULE DE CHARGEMENT DE BATTERIE LITHIUM 1 A (2 pcs)<\/p>\n","protected":false},"featured_media":108024,"template":"","meta":[],"product_brand":[],"product_cat":[2454],"product_tag":[],"class_list":{"0":"post-109619","1":"product","2":"type-product","3":"status-publish","4":"has-post-thumbnail","6":"product_cat-programming-computing-prototypingmodulesfr","8":"first","9":"instock","10":"taxable","11":"shipping-taxable","12":"purchasable","13":"product-type-simple"},"yoast_head":"<!-- This site is optimized with the Yoast SEO Premium plugin v25.3.1 (Yoast SEO v25.3.1) - https:\/\/yoast.com\/wordpress\/plugins\/seo\/ -->\n<title>MODULE DE CHARGEMENT DE BATTERIE LITHIUM 1 A (2 pcs) - Whadda<\/title>\n<meta name=\"description\" content=\"MODULE DE CHARGEMENT DE BATTERIE LITHIUM 1 A (2 pcs) - Whadda\" \/>\n<meta name=\"robots\" content=\"index, follow, max-snippet:-1, max-image-preview:large, max-video-preview:-1\" \/>\n<link rel=\"canonical\" href=\"https:\/\/whadda.com\/fr\/produit\/module-de-chargement-de-batterie-lithium-1-a-2-pcs-wpm321\/\" \/>\n<meta property=\"og:locale\" content=\"fr_FR\" \/>\n<meta property=\"og:type\" content=\"article\" \/>\n<meta property=\"og:title\" content=\"MODULE DE CHARGEMENT DE BATTERIE LITHIUM 1 A (2 pcs)\" \/>\n<meta property=\"og:description\" content=\"MODULE DE CHARGEMENT DE BATTERIE LITHIUM 1 A (2 pcs) - Whadda\" \/>\n<meta property=\"og:url\" content=\"https:\/\/whadda.com\/fr\/produit\/module-de-chargement-de-batterie-lithium-1-a-2-pcs-wpm321\/\" \/>\n<meta property=\"og:site_name\" content=\"Whadda\" \/>\n<meta property=\"article:publisher\" content=\"https:\/\/www.facebook.com\/WhaddaMakers\/\" \/>\n<meta property=\"article:modified_time\" content=\"2024-02-14T06:34:25+00:00\" \/>\n<meta property=\"og:image\" content=\"https:\/\/cdn.whadda.com\/wp-content\/uploads\/2023\/03\/29091023\/vma321-1.jpg\" \/>\n\t<meta property=\"og:image:width\" content=\"600\" \/>\n\t<meta property=\"og:image:height\" content=\"450\" \/>\n\t<meta property=\"og:image:type\" content=\"image\/jpeg\" \/>\n<meta name=\"twitter:card\" content=\"summary_large_image\" \/>\n<meta name=\"twitter:site\" content=\"@Whadda_Makers\" \/>\n<meta name=\"twitter:label1\" content=\"Dur\u00e9e de lecture estim\u00e9e\" \/>\n\t<meta name=\"twitter:data1\" content=\"2 minutes\" \/>\n<script type=\"application\/ld+json\" class=\"yoast-schema-graph\">{\"@context\":\"https:\/\/schema.org\",\"@graph\":[{\"@type\":\"WebPage\",\"@id\":\"https:\/\/whadda.com\/fr\/produit\/module-de-chargement-de-batterie-lithium-1-a-2-pcs-wpm321\/\",\"url\":\"https:\/\/whadda.com\/fr\/produit\/module-de-chargement-de-batterie-lithium-1-a-2-pcs-wpm321\/\",\"name\":\"MODULE DE CHARGEMENT DE BATTERIE LITHIUM 1 A (2 pcs) - Whadda\",\"isPartOf\":{\"@id\":\"https:\/\/whadda.com\/fr\/#website\"},\"primaryImageOfPage\":{\"@id\":\"https:\/\/whadda.com\/fr\/produit\/module-de-chargement-de-batterie-lithium-1-a-2-pcs-wpm321\/#primaryimage\"},\"image\":{\"@id\":\"https:\/\/whadda.com\/fr\/produit\/module-de-chargement-de-batterie-lithium-1-a-2-pcs-wpm321\/#primaryimage\"},\"thumbnailUrl\":\"https:\/\/cdn.whadda.com\/wp-content\/uploads\/2023\/03\/29091023\/vma321-1.jpg\",\"datePublished\":\"2023-03-29T07:10:31+00:00\",\"dateModified\":\"2024-02-14T06:34:25+00:00\",\"description\":\"MODULE DE CHARGEMENT DE BATTERIE LITHIUM 1 A (2 pcs) - Whadda\",\"breadcrumb\":{\"@id\":\"https:\/\/whadda.com\/fr\/produit\/module-de-chargement-de-batterie-lithium-1-a-2-pcs-wpm321\/#breadcrumb\"},\"inLanguage\":\"fr-FR\",\"potentialAction\":[{\"@type\":\"ReadAction\",\"target\":[\"https:\/\/whadda.com\/fr\/produit\/module-de-chargement-de-batterie-lithium-1-a-2-pcs-wpm321\/\"]}]},{\"@type\":\"ImageObject\",\"inLanguage\":\"fr-FR\",\"@id\":\"https:\/\/whadda.com\/fr\/produit\/module-de-chargement-de-batterie-lithium-1-a-2-pcs-wpm321\/#primaryimage\",\"url\":\"https:\/\/cdn.whadda.com\/wp-content\/uploads\/2023\/03\/29091023\/vma321-1.jpg\",\"contentUrl\":\"https:\/\/cdn.whadda.com\/wp-content\/uploads\/2023\/03\/29091023\/vma321-1.jpg\",\"width\":600,\"height\":450},{\"@type\":\"BreadcrumbList\",\"@id\":\"https:\/\/whadda.com\/fr\/produit\/module-de-chargement-de-batterie-lithium-1-a-2-pcs-wpm321\/#breadcrumb\",\"itemListElement\":[{\"@type\":\"ListItem\",\"position\":1,\"name\":\"Home\",\"item\":\"https:\/\/whadda.com\/fr\/\"},{\"@type\":\"ListItem\",\"position\":2,\"name\":\"Boutique\",\"item\":\"https:\/\/whadda.com\/fr\/boutique\/\"},{\"@type\":\"ListItem\",\"position\":3,\"name\":\"MODULE DE CHARGEMENT DE BATTERIE LITHIUM 1 A (2 pcs)\"}]},{\"@type\":\"WebSite\",\"@id\":\"https:\/\/whadda.com\/fr\/#website\",\"url\":\"https:\/\/whadda.com\/fr\/\",\"name\":\"Whadda\",\"description\":\"DIY Electronics &amp; tools for the maker!\",\"potentialAction\":[{\"@type\":\"SearchAction\",\"target\":{\"@type\":\"EntryPoint\",\"urlTemplate\":\"https:\/\/whadda.com\/fr\/?s={search_term_string}\"},\"query-input\":{\"@type\":\"PropertyValueSpecification\",\"valueRequired\":true,\"valueName\":\"search_term_string\"}}],\"inLanguage\":\"fr-FR\"}]}<\/script>\n<!-- \/ Yoast SEO Premium plugin. -->","yoast_head_json":{"title":"MODULE DE CHARGEMENT DE BATTERIE LITHIUM 1 A (2 pcs) - Whadda","description":"MODULE DE CHARGEMENT DE BATTERIE LITHIUM 1 A (2 pcs) - Whadda","robots":{"index":"index","follow":"follow","max-snippet":"max-snippet:-1","max-image-preview":"max-image-preview:large","max-video-preview":"max-video-preview:-1"},"canonical":"https:\/\/whadda.com\/fr\/produit\/module-de-chargement-de-batterie-lithium-1-a-2-pcs-wpm321\/","og_locale":"fr_FR","og_type":"article","og_title":"MODULE DE CHARGEMENT DE BATTERIE LITHIUM 1 A (2 pcs)","og_description":"MODULE DE CHARGEMENT DE BATTERIE LITHIUM 1 A (2 pcs) - Whadda","og_url":"https:\/\/whadda.com\/fr\/produit\/module-de-chargement-de-batterie-lithium-1-a-2-pcs-wpm321\/","og_site_name":"Whadda","article_publisher":"https:\/\/www.facebook.com\/WhaddaMakers\/","article_modified_time":"2024-02-14T06:34:25+00:00","og_image":[{"width":600,"height":450,"url":"https:\/\/cdn.whadda.com\/wp-content\/uploads\/2023\/03\/29091023\/vma321-1.jpg","type":"image\/jpeg"}],"twitter_card":"summary_large_image","twitter_site":"@Whadda_Makers","twitter_misc":{"Dur\u00e9e de lecture estim\u00e9e":"2 minutes"},"schema":{"@context":"https:\/\/schema.org","@graph":[{"@type":"WebPage","@id":"https:\/\/whadda.com\/fr\/produit\/module-de-chargement-de-batterie-lithium-1-a-2-pcs-wpm321\/","url":"https:\/\/whadda.com\/fr\/produit\/module-de-chargement-de-batterie-lithium-1-a-2-pcs-wpm321\/","name":"MODULE DE CHARGEMENT DE BATTERIE LITHIUM 1 A (2 pcs) - Whadda","isPartOf":{"@id":"https:\/\/whadda.com\/fr\/#website"},"primaryImageOfPage":{"@id":"https:\/\/whadda.com\/fr\/produit\/module-de-chargement-de-batterie-lithium-1-a-2-pcs-wpm321\/#primaryimage"},"image":{"@id":"https:\/\/whadda.com\/fr\/produit\/module-de-chargement-de-batterie-lithium-1-a-2-pcs-wpm321\/#primaryimage"},"thumbnailUrl":"https:\/\/cdn.whadda.com\/wp-content\/uploads\/2023\/03\/29091023\/vma321-1.jpg","datePublished":"2023-03-29T07:10:31+00:00","dateModified":"2024-02-14T06:34:25+00:00","description":"MODULE DE CHARGEMENT DE BATTERIE LITHIUM 1 A (2 pcs) - Whadda","breadcrumb":{"@id":"https:\/\/whadda.com\/fr\/produit\/module-de-chargement-de-batterie-lithium-1-a-2-pcs-wpm321\/#breadcrumb"},"inLanguage":"fr-FR","potentialAction":[{"@type":"ReadAction","target":["https:\/\/whadda.com\/fr\/produit\/module-de-chargement-de-batterie-lithium-1-a-2-pcs-wpm321\/"]}]},{"@type":"ImageObject","inLanguage":"fr-FR","@id":"https:\/\/whadda.com\/fr\/produit\/module-de-chargement-de-batterie-lithium-1-a-2-pcs-wpm321\/#primaryimage","url":"https:\/\/cdn.whadda.com\/wp-content\/uploads\/2023\/03\/29091023\/vma321-1.jpg","contentUrl":"https:\/\/cdn.whadda.com\/wp-content\/uploads\/2023\/03\/29091023\/vma321-1.jpg","width":600,"height":450},{"@type":"BreadcrumbList","@id":"https:\/\/whadda.com\/fr\/produit\/module-de-chargement-de-batterie-lithium-1-a-2-pcs-wpm321\/#breadcrumb","itemListElement":[{"@type":"ListItem","position":1,"name":"Home","item":"https:\/\/whadda.com\/fr\/"},{"@type":"ListItem","position":2,"name":"Boutique","item":"https:\/\/whadda.com\/fr\/boutique\/"},{"@type":"ListItem","position":3,"name":"MODULE DE CHARGEMENT DE BATTERIE LITHIUM 1 A (2 pcs)"}]},{"@type":"WebSite","@id":"https:\/\/whadda.com\/fr\/#website","url":"https:\/\/whadda.com\/fr\/","name":"Whadda","description":"DIY Electronics &amp; tools for the maker!","potentialAction":[{"@type":"SearchAction","target":{"@type":"EntryPoint","urlTemplate":"https:\/\/whadda.com\/fr\/?s={search_term_string}"},"query-input":{"@type":"PropertyValueSpecification","valueRequired":true,"valueName":"search_term_string"}}],"inLanguage":"fr-FR"}]}},"_links":{"self":[{"href":"https:\/\/whadda.com\/fr\/wp-json\/wp\/v2\/product\/109619","targetHints":{"allow":["GET"]}}],"collection":[{"href":"https:\/\/whadda.com\/fr\/wp-json\/wp\/v2\/product"}],"about":[{"href":"https:\/\/whadda.com\/fr\/wp-json\/wp\/v2\/types\/product"}],"wp:featuredmedia":[{"embeddable":true,"href":"https:\/\/whadda.com\/fr\/wp-json\/wp\/v2\/media\/108024"}],"wp:attachment":[{"href":"https:\/\/whadda.com\/fr\/wp-json\/wp\/v2\/media?parent=109619"}],"wp:term":[{"taxonomy":"product_brand","embeddable":true,"href":"https:\/\/whadda.com\/fr\/wp-json\/wp\/v2\/product_brand?post=109619"},{"taxonomy":"product_cat","embeddable":true,"href":"https:\/\/whadda.com\/fr\/wp-json\/wp\/v2\/product_cat?post=109619"},{"taxonomy":"product_tag","embeddable":true,"href":"https:\/\/whadda.com\/fr\/wp-json\/wp\/v2\/product_tag?post=109619"}],"curies":[{"name":"wp","href":"https:\/\/api.w.org\/{rel}","templated":true}]}}