{"id":109457,"date":"2023-03-29T06:40:50","date_gmt":"2023-03-29T04:40:50","guid":{"rendered":"https:\/\/whadda.com\/product\/double-alimentation-de-laboratoire-2-x-0-30-vcc-0-3-a-5-vcc-fixe-3-a-max-avec-4-afficheurs-lcd-labps23023\/"},"modified":"2025-11-28T06:42:36","modified_gmt":"2025-11-28T05:42:36","slug":"double-alimentation-de-laboratoire-2-x-0-30-vcc-0-3-a-5-vcc-fixe-3-a-max-avec-4-afficheurs-lcd-labps23023","status":"publish","type":"product","link":"https:\/\/whadda.com\/fr\/produit\/double-alimentation-de-laboratoire-2-x-0-30-vcc-0-3-a-5-vcc-fixe-3-a-max-avec-4-afficheurs-lcd-labps23023\/","title":{"rendered":"DOUBLE ALIMENTATION DE LABORATOIRE 2 x 0-30 VCC \/ 0-3 A + 5 VCC fixe 3 A MAX \/ AVEC 4 AFFICHEURS LCD"},"content":{"rendered":"<p>Nos alimentations de laboratoire de haute qualit\u00e9 fonctionnent \u00e0 la fois en mode tension constante et en mode courant constant. Nos alimentations de laboratoire passent sans effort en mode courant constant en cas de surcharge, offrant une sortie maximale constante. En cas de court-circuit, vous n&rsquo;avez pas \u00e0 vous inqui\u00e9ter, car nos alimentations sont \u00e9quip\u00e9es d&rsquo;une limitation automatique du courant (sauf si vous avez d\u00e9fini une valeur de courant inf\u00e9rieure).<\/p>\n<p>Ce produit est un remplacement de: PS23023<\/p>\n<h3>Caract\ufffdristiques<\/h3>\n<ul>\n<li>Multiples applications: Id\u00e9ale pour les applications en laboratoire, telles que les tests en recherche et d\u00e9veloppement. Un bon choix pour les bricoleurs !<\/li>\n<li>S\u00fbre et fiable: Cette alimentation de Velleman est fabriqu\u00e9e avec des composants de haute qualit\u00e9. De plus, l&rsquo;appareil est \u00e9quip\u00e9 d&rsquo;un puissant ventilateur qui le prot\u00e8ge contre la surchauffe.<\/li>\n<li>Design compact: Le design compact mais durable permet de l&#8217;emporter partout. L&rsquo;alimentation peut \u00e9galement \u00eatre plac\u00e9e sur une table, sans endommager la surface.<\/li>\n<li>Plug-in<\/li>\n<li>Protection: Cette alimentation de laboratoire est \u00e9quip\u00e9e d&rsquo;un limiteur de courant, d&rsquo;un fusible et de bornes garantissant la s\u00e9curit\u00e9 de l&rsquo;utilisateur et du circuit connect\u00e9.<\/li>\n<li>Livraison sans c\u00e2bles de connexion.<\/li>\n<li>1 x alimentation de laboratoire, 1 x mode d&#8217;emploi<\/li>\n<\/ul>\n<h3>Specifications<\/h3>\n<ul>\n<li>Informations de base sur le produit:\n<ul>\n<li>Langues du manuel d&rsquo;instructions: n\u00e9erlandais, anglais, fran\u00e7ais, allemand, polonais, portugais, espagnol<\/li>\n<li>Couleurs primaires: Blanc<\/li>\n<li>Couleurs suppl\u00e9mentaires: Gris<\/li>\n<li>Profondeur du produit: 360 mm<\/li>\n<li>Hauteur du produit: 165 mm<\/li>\n<li>Largeur du produit: 265 mm<\/li>\n<li>Poids Produit: 7.14 kg<\/li>\n<li>Mat\u00e9riau: Acier<\/li>\n<li>Mat\u00e9riau suppl\u00e9mentaire: ABS, Aluminium, PP (polypropyl\u00e8ne), PVC (chlorure de polyvinyle)<\/li>\n<\/ul>\n<\/li>\n<li>Caract\u00e9ristiques physiques:\n<ul>\n<li>Type d&rsquo;affichage: LCD<\/li>\n<\/ul>\n<\/li>\n<li>Donn\u00e9es \u00e9lectriques:\n<ul>\n<li>Type de fusible: T 4 A (lent) 250 V<\/li>\n<li>Facteur de puissance (Pf): 0.78<\/li>\n<li>Protection \u00e9lectrique: Limitation de courant<\/li>\n<li>Courant nominal maximal de sortie: 3 A<\/li>\n<li>Courant de sortie minimum: 0 A<\/li>\n<li>Tension d&rsquo;ondulation: 1 mV<\/li>\n<li>Type de connecteur de sortie: IEC 1010<\/li>\n<\/ul>\n<\/li>\n<li>Donn\u00e9es techniques:\n<ul>\n<li>Degr\u00e9 de pollution: 2<\/li>\n<li>Nombre de sorties courant: 2<\/li>\n<li>Nombre de sorties de tension: 2<\/li>\n<\/ul>\n<\/li>\n<li>Donn\u00e9es environnementales:\n<ul>\n<li>Temp\u00e9rature de fonctionnement maximale: 40 \u00b0C<\/li>\n<li>Temp\u00e9rature minimale de fonctionnement: 5 \u00b0C<\/li>\n<\/ul>\n<\/li>\n<li>Caract\u00e9ristiques de fonctionnement:\n<ul>\n<li>Altitude maximale de fonctionnement: 2000 m<\/li>\n<li>Humidit\u00e9 relative maximale: 90 %<\/li>\n<\/ul>\n<\/li>\n<li>Connexions \u00e9lectriques:\n<ul>\n<li>Connecteur IEC: C13, C14<\/li>\n<li>Type de prise secteur: Type E\/F (France\/Allemagne)<\/li>\n<\/ul>\n<\/li>\n<li>Alimentation:\n<ul>\n<li>Fr\u00e9quence d&rsquo;entr\u00e9e nominale: 50 Hz<\/li>\n<li>Consommation \u00e9lectrique pouvoir: 300 W<\/li>\n<li>Tension d&rsquo;entr\u00e9e nominale VAC: 230 V<\/li>\n<li>Tension de sortie maximale nominale VDC: 30 V<\/li>\n<li>Tension de sortie minimale nominale VDC: 0 V<\/li>\n<li>Courant nominal d&rsquo;entr\u00e9e VAC: 2 A<\/li>\n<\/ul>\n<\/li>\n<\/ul>\n","protected":false},"excerpt":{"rendered":"<p>DOUBLE ALIMENTATION DE LABORATOIRE 2 x 0-30 VCC \/ 0-3 A + 5 VCC fixe 3 A MAX \/ AVEC 4 AFFICHEURS LCD<\/p>\n","protected":false},"featured_media":113041,"template":"","meta":[],"product_brand":[],"product_cat":[2447],"product_tag":[],"class_list":{"0":"post-109457","1":"product","2":"type-product","3":"status-publish","4":"has-post-thumbnail","6":"product_cat-electronic-equipmentlab-power-suppliesfr","8":"first","9":"outofstock","10":"taxable","11":"shipping-taxable","12":"purchasable","13":"product-type-simple"},"yoast_head":"<!-- This site is optimized with the Yoast SEO Premium plugin v25.3.1 (Yoast SEO v25.3.1) - https:\/\/yoast.com\/wordpress\/plugins\/seo\/ -->\n<title>DOUBLE ALIMENTATION DE LABORATOIRE 2 x 0-30 VCC \/ 0-3 A + 5 VCC fixe 3 A MAX \/ AVEC 4 AFFICHEURS LCD - Whadda<\/title>\n<meta name=\"description\" content=\"DOUBLE ALIMENTATION DE LABORATOIRE 2 x 0-30 VCC \/ 0-3 A + 5 VCC fixe 3 A MAX \/ AVEC 4 AFFICHEURS LCD - Whadda\" \/>\n<meta name=\"robots\" content=\"index, follow, max-snippet:-1, max-image-preview:large, max-video-preview:-1\" \/>\n<link rel=\"canonical\" href=\"https:\/\/whadda.com\/fr\/produit\/double-alimentation-de-laboratoire-2-x-0-30-vcc-0-3-a-5-vcc-fixe-3-a-max-avec-4-afficheurs-lcd-labps23023\/\" \/>\n<meta property=\"og:locale\" content=\"fr_FR\" \/>\n<meta property=\"og:type\" content=\"article\" \/>\n<meta property=\"og:title\" content=\"DOUBLE ALIMENTATION DE LABORATOIRE 2 x 0-30 VCC \/ 0-3 A + 5 VCC fixe 3 A MAX \/ AVEC 4 AFFICHEURS LCD\" \/>\n<meta property=\"og:description\" content=\"DOUBLE ALIMENTATION DE LABORATOIRE 2 x 0-30 VCC \/ 0-3 A + 5 VCC fixe 3 A MAX \/ AVEC 4 AFFICHEURS LCD - Whadda\" \/>\n<meta property=\"og:url\" content=\"https:\/\/whadda.com\/fr\/produit\/double-alimentation-de-laboratoire-2-x-0-30-vcc-0-3-a-5-vcc-fixe-3-a-max-avec-4-afficheurs-lcd-labps23023\/\" \/>\n<meta property=\"og:site_name\" content=\"Whadda\" \/>\n<meta property=\"article:publisher\" content=\"https:\/\/www.facebook.com\/WhaddaMakers\/\" \/>\n<meta property=\"article:modified_time\" content=\"2025-11-28T05:42:36+00:00\" \/>\n<meta property=\"og:image\" content=\"https:\/\/cdn.whadda.com\/wp-content\/uploads\/2023\/03\/30063715\/labps23023_info1-en.jpg\" \/>\n\t<meta property=\"og:image:width\" content=\"2000\" \/>\n\t<meta property=\"og:image:height\" content=\"2000\" \/>\n\t<meta property=\"og:image:type\" content=\"image\/jpeg\" \/>\n<meta name=\"twitter:card\" content=\"summary_large_image\" \/>\n<meta name=\"twitter:site\" content=\"@Whadda_Makers\" \/>\n<meta name=\"twitter:label1\" content=\"Dur\u00e9e de lecture estim\u00e9e\" \/>\n\t<meta name=\"twitter:data1\" content=\"2 minutes\" \/>\n<script type=\"application\/ld+json\" class=\"yoast-schema-graph\">{\"@context\":\"https:\/\/schema.org\",\"@graph\":[{\"@type\":\"WebPage\",\"@id\":\"https:\/\/whadda.com\/fr\/produit\/double-alimentation-de-laboratoire-2-x-0-30-vcc-0-3-a-5-vcc-fixe-3-a-max-avec-4-afficheurs-lcd-labps23023\/\",\"url\":\"https:\/\/whadda.com\/fr\/produit\/double-alimentation-de-laboratoire-2-x-0-30-vcc-0-3-a-5-vcc-fixe-3-a-max-avec-4-afficheurs-lcd-labps23023\/\",\"name\":\"DOUBLE ALIMENTATION DE LABORATOIRE 2 x 0-30 VCC \/ 0-3 A + 5 VCC fixe 3 A MAX \/ AVEC 4 AFFICHEURS LCD - Whadda\",\"isPartOf\":{\"@id\":\"https:\/\/whadda.com\/fr\/#website\"},\"primaryImageOfPage\":{\"@id\":\"https:\/\/whadda.com\/fr\/produit\/double-alimentation-de-laboratoire-2-x-0-30-vcc-0-3-a-5-vcc-fixe-3-a-max-avec-4-afficheurs-lcd-labps23023\/#primaryimage\"},\"image\":{\"@id\":\"https:\/\/whadda.com\/fr\/produit\/double-alimentation-de-laboratoire-2-x-0-30-vcc-0-3-a-5-vcc-fixe-3-a-max-avec-4-afficheurs-lcd-labps23023\/#primaryimage\"},\"thumbnailUrl\":\"https:\/\/cdn.whadda.com\/wp-content\/uploads\/2023\/03\/30063715\/labps23023_info1-en.jpg\",\"datePublished\":\"2023-03-29T04:40:50+00:00\",\"dateModified\":\"2025-11-28T05:42:36+00:00\",\"description\":\"DOUBLE ALIMENTATION DE LABORATOIRE 2 x 0-30 VCC \/ 0-3 A + 5 VCC fixe 3 A MAX \/ AVEC 4 AFFICHEURS LCD - Whadda\",\"breadcrumb\":{\"@id\":\"https:\/\/whadda.com\/fr\/produit\/double-alimentation-de-laboratoire-2-x-0-30-vcc-0-3-a-5-vcc-fixe-3-a-max-avec-4-afficheurs-lcd-labps23023\/#breadcrumb\"},\"inLanguage\":\"fr-FR\",\"potentialAction\":[{\"@type\":\"ReadAction\",\"target\":[\"https:\/\/whadda.com\/fr\/produit\/double-alimentation-de-laboratoire-2-x-0-30-vcc-0-3-a-5-vcc-fixe-3-a-max-avec-4-afficheurs-lcd-labps23023\/\"]}]},{\"@type\":\"ImageObject\",\"inLanguage\":\"fr-FR\",\"@id\":\"https:\/\/whadda.com\/fr\/produit\/double-alimentation-de-laboratoire-2-x-0-30-vcc-0-3-a-5-vcc-fixe-3-a-max-avec-4-afficheurs-lcd-labps23023\/#primaryimage\",\"url\":\"https:\/\/cdn.whadda.com\/wp-content\/uploads\/2023\/03\/30063715\/labps23023_info1-en.jpg\",\"contentUrl\":\"https:\/\/cdn.whadda.com\/wp-content\/uploads\/2023\/03\/30063715\/labps23023_info1-en.jpg\",\"width\":2000,\"height\":2000},{\"@type\":\"BreadcrumbList\",\"@id\":\"https:\/\/whadda.com\/fr\/produit\/double-alimentation-de-laboratoire-2-x-0-30-vcc-0-3-a-5-vcc-fixe-3-a-max-avec-4-afficheurs-lcd-labps23023\/#breadcrumb\",\"itemListElement\":[{\"@type\":\"ListItem\",\"position\":1,\"name\":\"Home\",\"item\":\"https:\/\/whadda.com\/fr\/\"},{\"@type\":\"ListItem\",\"position\":2,\"name\":\"Boutique\",\"item\":\"https:\/\/whadda.com\/fr\/boutique\/\"},{\"@type\":\"ListItem\",\"position\":3,\"name\":\"DOUBLE ALIMENTATION DE LABORATOIRE 2 x 0-30 VCC \/ 0-3 A + 5 VCC fixe 3 A MAX \/ AVEC 4 AFFICHEURS LCD\"}]},{\"@type\":\"WebSite\",\"@id\":\"https:\/\/whadda.com\/fr\/#website\",\"url\":\"https:\/\/whadda.com\/fr\/\",\"name\":\"Whadda\",\"description\":\"DIY Electronics &amp; tools for the maker!\",\"potentialAction\":[{\"@type\":\"SearchAction\",\"target\":{\"@type\":\"EntryPoint\",\"urlTemplate\":\"https:\/\/whadda.com\/fr\/?s={search_term_string}\"},\"query-input\":{\"@type\":\"PropertyValueSpecification\",\"valueRequired\":true,\"valueName\":\"search_term_string\"}}],\"inLanguage\":\"fr-FR\"}]}<\/script>\n<!-- \/ Yoast SEO Premium plugin. -->","yoast_head_json":{"title":"DOUBLE ALIMENTATION DE LABORATOIRE 2 x 0-30 VCC \/ 0-3 A + 5 VCC fixe 3 A MAX \/ AVEC 4 AFFICHEURS LCD - Whadda","description":"DOUBLE ALIMENTATION DE LABORATOIRE 2 x 0-30 VCC \/ 0-3 A + 5 VCC fixe 3 A MAX \/ AVEC 4 AFFICHEURS LCD - Whadda","robots":{"index":"index","follow":"follow","max-snippet":"max-snippet:-1","max-image-preview":"max-image-preview:large","max-video-preview":"max-video-preview:-1"},"canonical":"https:\/\/whadda.com\/fr\/produit\/double-alimentation-de-laboratoire-2-x-0-30-vcc-0-3-a-5-vcc-fixe-3-a-max-avec-4-afficheurs-lcd-labps23023\/","og_locale":"fr_FR","og_type":"article","og_title":"DOUBLE ALIMENTATION DE LABORATOIRE 2 x 0-30 VCC \/ 0-3 A + 5 VCC fixe 3 A MAX \/ AVEC 4 AFFICHEURS LCD","og_description":"DOUBLE ALIMENTATION DE LABORATOIRE 2 x 0-30 VCC \/ 0-3 A + 5 VCC fixe 3 A MAX \/ AVEC 4 AFFICHEURS LCD - Whadda","og_url":"https:\/\/whadda.com\/fr\/produit\/double-alimentation-de-laboratoire-2-x-0-30-vcc-0-3-a-5-vcc-fixe-3-a-max-avec-4-afficheurs-lcd-labps23023\/","og_site_name":"Whadda","article_publisher":"https:\/\/www.facebook.com\/WhaddaMakers\/","article_modified_time":"2025-11-28T05:42:36+00:00","og_image":[{"width":2000,"height":2000,"url":"https:\/\/cdn.whadda.com\/wp-content\/uploads\/2023\/03\/30063715\/labps23023_info1-en.jpg","type":"image\/jpeg"}],"twitter_card":"summary_large_image","twitter_site":"@Whadda_Makers","twitter_misc":{"Dur\u00e9e de lecture estim\u00e9e":"2 minutes"},"schema":{"@context":"https:\/\/schema.org","@graph":[{"@type":"WebPage","@id":"https:\/\/whadda.com\/fr\/produit\/double-alimentation-de-laboratoire-2-x-0-30-vcc-0-3-a-5-vcc-fixe-3-a-max-avec-4-afficheurs-lcd-labps23023\/","url":"https:\/\/whadda.com\/fr\/produit\/double-alimentation-de-laboratoire-2-x-0-30-vcc-0-3-a-5-vcc-fixe-3-a-max-avec-4-afficheurs-lcd-labps23023\/","name":"DOUBLE ALIMENTATION DE LABORATOIRE 2 x 0-30 VCC \/ 0-3 A + 5 VCC fixe 3 A MAX \/ AVEC 4 AFFICHEURS LCD - Whadda","isPartOf":{"@id":"https:\/\/whadda.com\/fr\/#website"},"primaryImageOfPage":{"@id":"https:\/\/whadda.com\/fr\/produit\/double-alimentation-de-laboratoire-2-x-0-30-vcc-0-3-a-5-vcc-fixe-3-a-max-avec-4-afficheurs-lcd-labps23023\/#primaryimage"},"image":{"@id":"https:\/\/whadda.com\/fr\/produit\/double-alimentation-de-laboratoire-2-x-0-30-vcc-0-3-a-5-vcc-fixe-3-a-max-avec-4-afficheurs-lcd-labps23023\/#primaryimage"},"thumbnailUrl":"https:\/\/cdn.whadda.com\/wp-content\/uploads\/2023\/03\/30063715\/labps23023_info1-en.jpg","datePublished":"2023-03-29T04:40:50+00:00","dateModified":"2025-11-28T05:42:36+00:00","description":"DOUBLE ALIMENTATION DE LABORATOIRE 2 x 0-30 VCC \/ 0-3 A + 5 VCC fixe 3 A MAX \/ AVEC 4 AFFICHEURS LCD - Whadda","breadcrumb":{"@id":"https:\/\/whadda.com\/fr\/produit\/double-alimentation-de-laboratoire-2-x-0-30-vcc-0-3-a-5-vcc-fixe-3-a-max-avec-4-afficheurs-lcd-labps23023\/#breadcrumb"},"inLanguage":"fr-FR","potentialAction":[{"@type":"ReadAction","target":["https:\/\/whadda.com\/fr\/produit\/double-alimentation-de-laboratoire-2-x-0-30-vcc-0-3-a-5-vcc-fixe-3-a-max-avec-4-afficheurs-lcd-labps23023\/"]}]},{"@type":"ImageObject","inLanguage":"fr-FR","@id":"https:\/\/whadda.com\/fr\/produit\/double-alimentation-de-laboratoire-2-x-0-30-vcc-0-3-a-5-vcc-fixe-3-a-max-avec-4-afficheurs-lcd-labps23023\/#primaryimage","url":"https:\/\/cdn.whadda.com\/wp-content\/uploads\/2023\/03\/30063715\/labps23023_info1-en.jpg","contentUrl":"https:\/\/cdn.whadda.com\/wp-content\/uploads\/2023\/03\/30063715\/labps23023_info1-en.jpg","width":2000,"height":2000},{"@type":"BreadcrumbList","@id":"https:\/\/whadda.com\/fr\/produit\/double-alimentation-de-laboratoire-2-x-0-30-vcc-0-3-a-5-vcc-fixe-3-a-max-avec-4-afficheurs-lcd-labps23023\/#breadcrumb","itemListElement":[{"@type":"ListItem","position":1,"name":"Home","item":"https:\/\/whadda.com\/fr\/"},{"@type":"ListItem","position":2,"name":"Boutique","item":"https:\/\/whadda.com\/fr\/boutique\/"},{"@type":"ListItem","position":3,"name":"DOUBLE ALIMENTATION DE LABORATOIRE 2 x 0-30 VCC \/ 0-3 A + 5 VCC fixe 3 A MAX \/ AVEC 4 AFFICHEURS LCD"}]},{"@type":"WebSite","@id":"https:\/\/whadda.com\/fr\/#website","url":"https:\/\/whadda.com\/fr\/","name":"Whadda","description":"DIY Electronics &amp; tools for the maker!","potentialAction":[{"@type":"SearchAction","target":{"@type":"EntryPoint","urlTemplate":"https:\/\/whadda.com\/fr\/?s={search_term_string}"},"query-input":{"@type":"PropertyValueSpecification","valueRequired":true,"valueName":"search_term_string"}}],"inLanguage":"fr-FR"}]}},"_links":{"self":[{"href":"https:\/\/whadda.com\/fr\/wp-json\/wp\/v2\/product\/109457","targetHints":{"allow":["GET"]}}],"collection":[{"href":"https:\/\/whadda.com\/fr\/wp-json\/wp\/v2\/product"}],"about":[{"href":"https:\/\/whadda.com\/fr\/wp-json\/wp\/v2\/types\/product"}],"wp:featuredmedia":[{"embeddable":true,"href":"https:\/\/whadda.com\/fr\/wp-json\/wp\/v2\/media\/113041"}],"wp:attachment":[{"href":"https:\/\/whadda.com\/fr\/wp-json\/wp\/v2\/media?parent=109457"}],"wp:term":[{"taxonomy":"product_brand","embeddable":true,"href":"https:\/\/whadda.com\/fr\/wp-json\/wp\/v2\/product_brand?post=109457"},{"taxonomy":"product_cat","embeddable":true,"href":"https:\/\/whadda.com\/fr\/wp-json\/wp\/v2\/product_cat?post=109457"},{"taxonomy":"product_tag","embeddable":true,"href":"https:\/\/whadda.com\/fr\/wp-json\/wp\/v2\/product_tag?post=109457"}],"curies":[{"name":"wp","href":"https:\/\/api.w.org\/{rel}","templated":true}]}}