{"id":105733,"date":"2021-04-27T22:39:55","date_gmt":"2021-04-27T20:39:55","guid":{"rendered":"https:\/\/whadda.com\/product\/stroboscope-avec-deux-led-blanches-wsl147\/"},"modified":"2026-03-11T06:42:59","modified_gmt":"2026-03-11T05:42:59","slug":"stroboscope-avec-deux-led-blanches-wsl147","status":"publish","type":"product","link":"https:\/\/whadda.com\/fr\/produit\/stroboscope-avec-deux-led-blanches-wsl147\/","title":{"rendered":"STROBOSCOPE AVEC DEUX LED BLANCHES"},"content":{"rendered":"<p>Ce produit est un remplacement de: MK147<\/p>\n<h3>Caract\ufffdristiques<\/h3>\n<ul>\n<li>\u00c9ducatif: D\u00e9couvrez le monde fascinant des kits de soudage Whadda et apprenez les bases de l&rsquo;\u00e9lectronique gr\u00e2ce \u00e0 des projets engageants. Les kits offrent des instructions \u00e9tape par \u00e9tape et des explications claires, permettant aux d\u00e9butants et aux experts d&rsquo;apprendre et d&rsquo;exp\u00e9rimenter.<\/li>\n<li>Cr\u00e9ativit\u00e9: Donnez libre cours \u00e0 votre imagination et cr\u00e9ez des projets \u00e9lectroniques uniques avec les kits de soudage Whadda. Donnez libre cours \u00e0 votre imagination et cr\u00e9ez votre propre projet !<\/li>\n<li>Fabriqu\u00e9 en Belgique: Whadda est une marque unique de la soci\u00e9t\u00e9 belge Velleman Group destin\u00e9e aux hobbyistes et makers qui veulent se plonger dans la programmation, l&rsquo;\u00e9lectronique et la m\u00e9canique.<\/li>\n<li>Projet STEM<\/li>\n<li>Adapt\u00e9 \u00e0 tous les \u00e2ges: Ce kit d&rsquo;exp\u00e9rimentation permet aux petits et aux grands de faire leurs premiers pas dans le monde fascinant de l\u2019\u00e9lectronique, m\u00eame avec peu ou pas de connaissances pr\u00e9alables.<\/li>\n<li>Pour petits et grands de 9 \u00e0 99 ans ! Pour les enfants de moins de 14 ans, il est exig\u00e9 d&rsquo;\u00eatre accompagn\u00e9 par un adulte.<\/li>\n<li>Pour commencer vous avez besoin des outils de base suivants (non fournis) : un fer ou une station de soudage, de l&rsquo;\u00e9tain et une pince coupante. Un autre outil pratique est un tapis de soudage antistatique.<\/li>\n<\/ul>\n<h3>Specifications<\/h3>\n<ul>\n<li>Caract\u00e9ristiques physiques:\n<ul>\n<li>Couleurs primaires: Vert<\/li>\n<li>Couleurs suppl\u00e9mentaires: Noir<\/li>\n<li>Profondeur du produit: 3.8 cm<\/li>\n<li>Hauteur du produit: 15.5 cm<\/li>\n<li>Largeur du produit: 7.8 cm<\/li>\n<li>Poids Produit: 44 g<\/li>\n<\/ul>\n<\/li>\n<li>Caract\u00e9ristiques techniques et performances:\n<ul>\n<li>Niveau de comp\u00e9tence en codage: non<\/li>\n<li>Niveau de comp\u00e9tence en \u00e9lectronique: non<\/li>\n<li>Niveau de comp\u00e9tence en m\u00e9canique: 1<\/li>\n<li>Niveau de comp\u00e9tence en soudure: 1<\/li>\n<li>Sp\u00e9cifications kits &amp; modules: &lt;ul&gt;&#xD;<br \/>&lt;li&gt;alimentation : pile 9 V (non incluse)&lt;\/li&gt;&#xD;<br \/>&lt;li&gt;consommation \u00e9lectrique : 40 mA max.&lt;\/li&gt;&#xD;<br \/>&lt;\/ul&gt;<\/li>\n<li>Montage requis: Oui<\/li>\n<\/ul>\n<\/li>\n<li>Installation et montage:\n<ul>\n<li>Langues du manuel d&rsquo;instructions: n\u00e9erlandais,anglais,fran\u00e7ais,allemand,espagnol<\/li>\n<\/ul>\n<\/li>\n<\/ul>\n","protected":false},"excerpt":{"rendered":"<p>STROBOSCOPE AVEC DEUX LED BLANCHES<\/p>\n","protected":false},"featured_media":103676,"template":"","meta":[],"product_brand":[],"product_cat":[2449],"product_tag":[2519,2524],"class_list":{"0":"post-105733","1":"product","2":"type-product","3":"status-publish","4":"has-post-thumbnail","6":"product_cat-soldering-kits-mini-kitslight-applicationsfr","7":"product_tag-mecanique-niveau-1","8":"product_tag-soudage-niveau-1","10":"first","11":"outofstock","12":"taxable","13":"shipping-taxable","14":"purchasable","15":"product-type-simple"},"yoast_head":"<!-- This site is optimized with the Yoast SEO Premium plugin v25.3.1 (Yoast SEO v25.3.1) - https:\/\/yoast.com\/wordpress\/plugins\/seo\/ -->\n<title>STROBOSCOPE AVEC DEUX LED BLANCHES - Whadda<\/title>\n<meta name=\"description\" content=\"STROBOSCOPE AVEC DEUX LED BLANCHES - Whadda\" \/>\n<meta name=\"robots\" content=\"index, follow, max-snippet:-1, max-image-preview:large, max-video-preview:-1\" \/>\n<link rel=\"canonical\" href=\"https:\/\/whadda.com\/fr\/produit\/stroboscope-avec-deux-led-blanches-wsl147\/\" \/>\n<meta property=\"og:locale\" content=\"fr_FR\" \/>\n<meta property=\"og:type\" content=\"article\" \/>\n<meta property=\"og:title\" content=\"STROBOSCOPE AVEC DEUX LED BLANCHES\" \/>\n<meta property=\"og:description\" content=\"STROBOSCOPE AVEC DEUX LED BLANCHES - Whadda\" \/>\n<meta property=\"og:url\" content=\"https:\/\/whadda.com\/fr\/produit\/stroboscope-avec-deux-led-blanches-wsl147\/\" \/>\n<meta property=\"og:site_name\" content=\"Whadda\" \/>\n<meta property=\"article:publisher\" content=\"https:\/\/www.facebook.com\/WhaddaMakers\/\" \/>\n<meta property=\"article:modified_time\" content=\"2026-03-11T05:42:59+00:00\" \/>\n<meta property=\"og:image\" content=\"https:\/\/cdn.whadda.com\/wp-content\/uploads\/2021\/04\/04071919\/wsl147.jpg\" \/>\n\t<meta property=\"og:image:width\" content=\"600\" \/>\n\t<meta property=\"og:image:height\" content=\"450\" \/>\n\t<meta property=\"og:image:type\" content=\"image\/jpeg\" \/>\n<meta name=\"twitter:card\" content=\"summary_large_image\" \/>\n<meta name=\"twitter:site\" content=\"@Whadda_Makers\" \/>\n<meta name=\"twitter:label1\" content=\"Dur\u00e9e de lecture estim\u00e9e\" \/>\n\t<meta name=\"twitter:data1\" content=\"2 minutes\" \/>\n<script type=\"application\/ld+json\" class=\"yoast-schema-graph\">{\"@context\":\"https:\/\/schema.org\",\"@graph\":[{\"@type\":\"WebPage\",\"@id\":\"https:\/\/whadda.com\/fr\/produit\/stroboscope-avec-deux-led-blanches-wsl147\/\",\"url\":\"https:\/\/whadda.com\/fr\/produit\/stroboscope-avec-deux-led-blanches-wsl147\/\",\"name\":\"STROBOSCOPE AVEC DEUX LED BLANCHES - Whadda\",\"isPartOf\":{\"@id\":\"https:\/\/whadda.com\/fr\/#website\"},\"primaryImageOfPage\":{\"@id\":\"https:\/\/whadda.com\/fr\/produit\/stroboscope-avec-deux-led-blanches-wsl147\/#primaryimage\"},\"image\":{\"@id\":\"https:\/\/whadda.com\/fr\/produit\/stroboscope-avec-deux-led-blanches-wsl147\/#primaryimage\"},\"thumbnailUrl\":\"https:\/\/cdn.whadda.com\/wp-content\/uploads\/2021\/04\/04071919\/wsl147.jpg\",\"datePublished\":\"2021-04-27T20:39:55+00:00\",\"dateModified\":\"2026-03-11T05:42:59+00:00\",\"description\":\"STROBOSCOPE AVEC DEUX LED BLANCHES - Whadda\",\"breadcrumb\":{\"@id\":\"https:\/\/whadda.com\/fr\/produit\/stroboscope-avec-deux-led-blanches-wsl147\/#breadcrumb\"},\"inLanguage\":\"fr-FR\",\"potentialAction\":[{\"@type\":\"ReadAction\",\"target\":[\"https:\/\/whadda.com\/fr\/produit\/stroboscope-avec-deux-led-blanches-wsl147\/\"]}]},{\"@type\":\"ImageObject\",\"inLanguage\":\"fr-FR\",\"@id\":\"https:\/\/whadda.com\/fr\/produit\/stroboscope-avec-deux-led-blanches-wsl147\/#primaryimage\",\"url\":\"https:\/\/cdn.whadda.com\/wp-content\/uploads\/2021\/04\/04071919\/wsl147.jpg\",\"contentUrl\":\"https:\/\/cdn.whadda.com\/wp-content\/uploads\/2021\/04\/04071919\/wsl147.jpg\",\"width\":600,\"height\":450},{\"@type\":\"BreadcrumbList\",\"@id\":\"https:\/\/whadda.com\/fr\/produit\/stroboscope-avec-deux-led-blanches-wsl147\/#breadcrumb\",\"itemListElement\":[{\"@type\":\"ListItem\",\"position\":1,\"name\":\"Home\",\"item\":\"https:\/\/whadda.com\/fr\/\"},{\"@type\":\"ListItem\",\"position\":2,\"name\":\"Boutique\",\"item\":\"https:\/\/whadda.com\/fr\/boutique\/\"},{\"@type\":\"ListItem\",\"position\":3,\"name\":\"STROBOSCOPE AVEC DEUX LED BLANCHES\"}]},{\"@type\":\"WebSite\",\"@id\":\"https:\/\/whadda.com\/fr\/#website\",\"url\":\"https:\/\/whadda.com\/fr\/\",\"name\":\"Whadda\",\"description\":\"DIY Electronics &amp; tools for the maker!\",\"potentialAction\":[{\"@type\":\"SearchAction\",\"target\":{\"@type\":\"EntryPoint\",\"urlTemplate\":\"https:\/\/whadda.com\/fr\/?s={search_term_string}\"},\"query-input\":{\"@type\":\"PropertyValueSpecification\",\"valueRequired\":true,\"valueName\":\"search_term_string\"}}],\"inLanguage\":\"fr-FR\"}]}<\/script>\n<!-- \/ Yoast SEO Premium plugin. -->","yoast_head_json":{"title":"STROBOSCOPE AVEC DEUX LED BLANCHES - Whadda","description":"STROBOSCOPE AVEC DEUX LED BLANCHES - Whadda","robots":{"index":"index","follow":"follow","max-snippet":"max-snippet:-1","max-image-preview":"max-image-preview:large","max-video-preview":"max-video-preview:-1"},"canonical":"https:\/\/whadda.com\/fr\/produit\/stroboscope-avec-deux-led-blanches-wsl147\/","og_locale":"fr_FR","og_type":"article","og_title":"STROBOSCOPE AVEC DEUX LED BLANCHES","og_description":"STROBOSCOPE AVEC DEUX LED BLANCHES - Whadda","og_url":"https:\/\/whadda.com\/fr\/produit\/stroboscope-avec-deux-led-blanches-wsl147\/","og_site_name":"Whadda","article_publisher":"https:\/\/www.facebook.com\/WhaddaMakers\/","article_modified_time":"2026-03-11T05:42:59+00:00","og_image":[{"width":600,"height":450,"url":"https:\/\/cdn.whadda.com\/wp-content\/uploads\/2021\/04\/04071919\/wsl147.jpg","type":"image\/jpeg"}],"twitter_card":"summary_large_image","twitter_site":"@Whadda_Makers","twitter_misc":{"Dur\u00e9e de lecture estim\u00e9e":"2 minutes"},"schema":{"@context":"https:\/\/schema.org","@graph":[{"@type":"WebPage","@id":"https:\/\/whadda.com\/fr\/produit\/stroboscope-avec-deux-led-blanches-wsl147\/","url":"https:\/\/whadda.com\/fr\/produit\/stroboscope-avec-deux-led-blanches-wsl147\/","name":"STROBOSCOPE AVEC DEUX LED BLANCHES - Whadda","isPartOf":{"@id":"https:\/\/whadda.com\/fr\/#website"},"primaryImageOfPage":{"@id":"https:\/\/whadda.com\/fr\/produit\/stroboscope-avec-deux-led-blanches-wsl147\/#primaryimage"},"image":{"@id":"https:\/\/whadda.com\/fr\/produit\/stroboscope-avec-deux-led-blanches-wsl147\/#primaryimage"},"thumbnailUrl":"https:\/\/cdn.whadda.com\/wp-content\/uploads\/2021\/04\/04071919\/wsl147.jpg","datePublished":"2021-04-27T20:39:55+00:00","dateModified":"2026-03-11T05:42:59+00:00","description":"STROBOSCOPE AVEC DEUX LED BLANCHES - Whadda","breadcrumb":{"@id":"https:\/\/whadda.com\/fr\/produit\/stroboscope-avec-deux-led-blanches-wsl147\/#breadcrumb"},"inLanguage":"fr-FR","potentialAction":[{"@type":"ReadAction","target":["https:\/\/whadda.com\/fr\/produit\/stroboscope-avec-deux-led-blanches-wsl147\/"]}]},{"@type":"ImageObject","inLanguage":"fr-FR","@id":"https:\/\/whadda.com\/fr\/produit\/stroboscope-avec-deux-led-blanches-wsl147\/#primaryimage","url":"https:\/\/cdn.whadda.com\/wp-content\/uploads\/2021\/04\/04071919\/wsl147.jpg","contentUrl":"https:\/\/cdn.whadda.com\/wp-content\/uploads\/2021\/04\/04071919\/wsl147.jpg","width":600,"height":450},{"@type":"BreadcrumbList","@id":"https:\/\/whadda.com\/fr\/produit\/stroboscope-avec-deux-led-blanches-wsl147\/#breadcrumb","itemListElement":[{"@type":"ListItem","position":1,"name":"Home","item":"https:\/\/whadda.com\/fr\/"},{"@type":"ListItem","position":2,"name":"Boutique","item":"https:\/\/whadda.com\/fr\/boutique\/"},{"@type":"ListItem","position":3,"name":"STROBOSCOPE AVEC DEUX LED BLANCHES"}]},{"@type":"WebSite","@id":"https:\/\/whadda.com\/fr\/#website","url":"https:\/\/whadda.com\/fr\/","name":"Whadda","description":"DIY Electronics &amp; tools for the maker!","potentialAction":[{"@type":"SearchAction","target":{"@type":"EntryPoint","urlTemplate":"https:\/\/whadda.com\/fr\/?s={search_term_string}"},"query-input":{"@type":"PropertyValueSpecification","valueRequired":true,"valueName":"search_term_string"}}],"inLanguage":"fr-FR"}]}},"_links":{"self":[{"href":"https:\/\/whadda.com\/fr\/wp-json\/wp\/v2\/product\/105733","targetHints":{"allow":["GET"]}}],"collection":[{"href":"https:\/\/whadda.com\/fr\/wp-json\/wp\/v2\/product"}],"about":[{"href":"https:\/\/whadda.com\/fr\/wp-json\/wp\/v2\/types\/product"}],"wp:featuredmedia":[{"embeddable":true,"href":"https:\/\/whadda.com\/fr\/wp-json\/wp\/v2\/media\/103676"}],"wp:attachment":[{"href":"https:\/\/whadda.com\/fr\/wp-json\/wp\/v2\/media?parent=105733"}],"wp:term":[{"taxonomy":"product_brand","embeddable":true,"href":"https:\/\/whadda.com\/fr\/wp-json\/wp\/v2\/product_brand?post=105733"},{"taxonomy":"product_cat","embeddable":true,"href":"https:\/\/whadda.com\/fr\/wp-json\/wp\/v2\/product_cat?post=105733"},{"taxonomy":"product_tag","embeddable":true,"href":"https:\/\/whadda.com\/fr\/wp-json\/wp\/v2\/product_tag?post=105733"}],"curies":[{"name":"wp","href":"https:\/\/api.w.org\/{rel}","templated":true}]}}