{"id":105655,"date":"2021-05-18T10:14:56","date_gmt":"2021-05-18T08:14:56","guid":{"rendered":"https:\/\/whadda.com\/product\/module-moteur-a-vibrations-2-pcs-wpm458\/"},"modified":"2024-02-14T07:44:46","modified_gmt":"2024-02-14T06:44:46","slug":"module-moteur-a-vibrations-2-pcs-wpm458","status":"publish","type":"product","link":"https:\/\/whadda.com\/fr\/produit\/module-moteur-a-vibrations-2-pcs-wpm458\/","title":{"rendered":"MODULE MOTEUR \u00c0 VIBRATIONS (2 pcs)"},"content":{"rendered":"<p>Le module moteur \u00e0 vibrations Whadda vous permet d&rsquo;ajouter facilement un retour haptique \u00e0 vos projets. Ce module compact est dot\u00e9 d&rsquo;un petit mais puissant moteur vibrant et int\u00e8gre tous les circuits de commande n\u00e9cessaires pour allumer et \u00e9teindre le moteur avec un signal de commande num\u00e9rique.<\/p>\n<h3>Caract\ufffdristiques<\/h3>\n<ul>\n<li>Retour haptique puissant: Ce module est \u00e9quip\u00e9 d&rsquo;un moteur de vibration puissant qui offre des sensations tactiles intenses dans vos projets \u00e9lectroniques. Cela vous permet de cr\u00e9er une exp\u00e9rience interactive qui \u00e9l\u00e8ve vos projets \u00e0 un niveau sup\u00e9rieur.<\/li>\n<li>Int\u00e9gration facile: Whadda a con\u00e7u ce module avec tous les circuits de commande n\u00e9cessaires, ce qui rend son int\u00e9gration dans les projets extr\u00eamement simple. M\u00eame si vous n&rsquo;avez pas beaucoup d&rsquo;exp\u00e9rience en \u00e9lectronique, vous pouvez commencer rapidement.<\/li>\n<li>Polyvalent: Ce module de moteur \u00e0 vibration est id\u00e9al pour des projets interactifs de diverses natures. Que vous souhaitiez cr\u00e9er des projets \u00e9ducatifs, artistiques ou techniques, ce module ajoute une nouvelle dimension de retour tactile \u00e0 vos cr\u00e9ations.<\/li>\n<li>Projet STEM: D\u00e9veloppez et am\u00e9liorez vos comp\u00e9tences STEM avec ce kit \u00e9ducatif qui vous permettra d&rsquo;acqu\u00e9rir les connaissances, les comp\u00e9tences et l&rsquo;exp\u00e9rience requises pour relever les d\u00e9fis technologiques de l&rsquo;avenir. Ce kit \u00e9ducatif contribue au d\u00e9veloppement de la r\u00e9solution de probl\u00e8mes et la pens\u00e9e cr\u00e9ative.<\/li>\n<li>Fabriqu\u00e9 en Belgique: Whadda est une marque unique de la soci\u00e9t\u00e9 belge Velleman Group destin\u00e9e aux hobbyistes et makers qui veulent se plonger dans la programmation, l&rsquo;\u00e9lectronique et la m\u00e9canique.<\/li>\n<\/ul>\n<h3>Specifications<\/h3>\n<ul>\n<li>Informations de base sur le produit:\n<ul>\n<li>Langues du manuel d&rsquo;instructions: anglais<\/li>\n<li>Couleurs primaires: Bleu<\/li>\n<li>Couleurs suppl\u00e9mentaires: Noir<\/li>\n<li>Couleurs suppl\u00e9mentaires d\u00e9taill\u00e9e: Bleu clair<\/li>\n<li>Profondeur du produit: 20.1 mm<\/li>\n<li>Hauteur du produit: 7.1 mm<\/li>\n<li>Largeur du produit: 32.5 mm<\/li>\n<li>Poids Produit: 14 g<\/li>\n<\/ul>\n<\/li>\n<li>Donn\u00e9es techniques:\n<ul>\n<li>Sp\u00e9cifications kits &amp; modules: Sp\u00e9cifications &lt;ul&gt; &lt;li&gt;tension d&rsquo;alimentation : 5 V&lt;\/li&gt; &lt;li&gt;vitesse de rotation : &amp;gt ; 9 000 tr\/min&lt;\/li&gt; &lt;li&gt;courant d&rsquo;alimentation moyen : &amp;lt; 60 mA&lt;\/li&gt; &lt;li&gt;courant de d\u00e9marrage : &amp;lt; 90 mA&lt;\/li&gt; &lt;\/ul&gt;<\/li>\n<\/ul>\n<\/li>\n<li>Caract\u00e9ristiques de fonctionnement:\n<ul>\n<li>Niveau de comp\u00e9tence en codage: 1<\/li>\n<li>Niveau de comp\u00e9tence en \u00e9lectronique: 1<\/li>\n<li>Niveau de comp\u00e9tence en m\u00e9canique: non<\/li>\n<li>Niveau de comp\u00e9tence en soudure: non<\/li>\n<\/ul>\n<\/li>\n<\/ul>\n","protected":false},"excerpt":{"rendered":"<p>MODULE MOTEUR \u00c0 VIBRATIONS (2 pcs)<\/p>\n","protected":false},"featured_media":101830,"template":"","meta":[],"product_brand":[],"product_cat":[2454],"product_tag":[2509,2514],"class_list":{"0":"post-105655","1":"product","2":"type-product","3":"status-publish","4":"has-post-thumbnail","6":"product_cat-programming-computing-prototypingmodulesfr","7":"product_tag-codage-niveau-1","8":"product_tag-electronique-niveau-1","10":"first","11":"instock","12":"taxable","13":"shipping-taxable","14":"purchasable","15":"product-type-simple"},"yoast_head":"<!-- This site is optimized with the Yoast SEO Premium plugin v25.3.1 (Yoast SEO v25.3.1) - https:\/\/yoast.com\/wordpress\/plugins\/seo\/ -->\n<title>MODULE MOTEUR \u00c0 VIBRATIONS (2 pcs) - Whadda<\/title>\n<meta name=\"description\" content=\"MODULE MOTEUR \u00c0 VIBRATIONS (2 pcs) - Whadda\" \/>\n<meta name=\"robots\" content=\"index, follow, max-snippet:-1, max-image-preview:large, max-video-preview:-1\" \/>\n<link rel=\"canonical\" href=\"https:\/\/whadda.com\/fr\/produit\/module-moteur-a-vibrations-2-pcs-wpm458\/\" \/>\n<meta property=\"og:locale\" content=\"fr_FR\" \/>\n<meta property=\"og:type\" content=\"article\" \/>\n<meta property=\"og:title\" content=\"MODULE MOTEUR \u00c0 VIBRATIONS (2 pcs)\" \/>\n<meta property=\"og:description\" content=\"MODULE MOTEUR \u00c0 VIBRATIONS (2 pcs) - Whadda\" \/>\n<meta property=\"og:url\" content=\"https:\/\/whadda.com\/fr\/produit\/module-moteur-a-vibrations-2-pcs-wpm458\/\" \/>\n<meta property=\"og:site_name\" content=\"Whadda\" \/>\n<meta property=\"article:publisher\" content=\"https:\/\/www.facebook.com\/WhaddaMakers\/\" \/>\n<meta property=\"article:modified_time\" content=\"2024-02-14T06:44:46+00:00\" \/>\n<meta property=\"og:image\" content=\"https:\/\/cdn.whadda.com\/wp-content\/uploads\/2021\/05\/26065856\/wpm458-1.jpg\" \/>\n\t<meta property=\"og:image:width\" content=\"600\" \/>\n\t<meta property=\"og:image:height\" content=\"450\" \/>\n\t<meta property=\"og:image:type\" content=\"image\/jpeg\" \/>\n<meta name=\"twitter:card\" content=\"summary_large_image\" \/>\n<meta name=\"twitter:site\" content=\"@Whadda_Makers\" \/>\n<meta name=\"twitter:label1\" content=\"Dur\u00e9e de lecture estim\u00e9e\" \/>\n\t<meta name=\"twitter:data1\" content=\"2 minutes\" \/>\n<script type=\"application\/ld+json\" class=\"yoast-schema-graph\">{\"@context\":\"https:\/\/schema.org\",\"@graph\":[{\"@type\":\"WebPage\",\"@id\":\"https:\/\/whadda.com\/fr\/produit\/module-moteur-a-vibrations-2-pcs-wpm458\/\",\"url\":\"https:\/\/whadda.com\/fr\/produit\/module-moteur-a-vibrations-2-pcs-wpm458\/\",\"name\":\"MODULE MOTEUR \u00c0 VIBRATIONS (2 pcs) - Whadda\",\"isPartOf\":{\"@id\":\"https:\/\/whadda.com\/fr\/#website\"},\"primaryImageOfPage\":{\"@id\":\"https:\/\/whadda.com\/fr\/produit\/module-moteur-a-vibrations-2-pcs-wpm458\/#primaryimage\"},\"image\":{\"@id\":\"https:\/\/whadda.com\/fr\/produit\/module-moteur-a-vibrations-2-pcs-wpm458\/#primaryimage\"},\"thumbnailUrl\":\"https:\/\/cdn.whadda.com\/wp-content\/uploads\/2021\/05\/26065856\/wpm458-1.jpg\",\"datePublished\":\"2021-05-18T08:14:56+00:00\",\"dateModified\":\"2024-02-14T06:44:46+00:00\",\"description\":\"MODULE MOTEUR \u00c0 VIBRATIONS (2 pcs) - Whadda\",\"breadcrumb\":{\"@id\":\"https:\/\/whadda.com\/fr\/produit\/module-moteur-a-vibrations-2-pcs-wpm458\/#breadcrumb\"},\"inLanguage\":\"fr-FR\",\"potentialAction\":[{\"@type\":\"ReadAction\",\"target\":[\"https:\/\/whadda.com\/fr\/produit\/module-moteur-a-vibrations-2-pcs-wpm458\/\"]}]},{\"@type\":\"ImageObject\",\"inLanguage\":\"fr-FR\",\"@id\":\"https:\/\/whadda.com\/fr\/produit\/module-moteur-a-vibrations-2-pcs-wpm458\/#primaryimage\",\"url\":\"https:\/\/cdn.whadda.com\/wp-content\/uploads\/2021\/05\/26065856\/wpm458-1.jpg\",\"contentUrl\":\"https:\/\/cdn.whadda.com\/wp-content\/uploads\/2021\/05\/26065856\/wpm458-1.jpg\",\"width\":600,\"height\":450},{\"@type\":\"BreadcrumbList\",\"@id\":\"https:\/\/whadda.com\/fr\/produit\/module-moteur-a-vibrations-2-pcs-wpm458\/#breadcrumb\",\"itemListElement\":[{\"@type\":\"ListItem\",\"position\":1,\"name\":\"Home\",\"item\":\"https:\/\/whadda.com\/fr\/\"},{\"@type\":\"ListItem\",\"position\":2,\"name\":\"Boutique\",\"item\":\"https:\/\/whadda.com\/fr\/boutique\/\"},{\"@type\":\"ListItem\",\"position\":3,\"name\":\"MODULE MOTEUR \u00c0 VIBRATIONS (2 pcs)\"}]},{\"@type\":\"WebSite\",\"@id\":\"https:\/\/whadda.com\/fr\/#website\",\"url\":\"https:\/\/whadda.com\/fr\/\",\"name\":\"Whadda\",\"description\":\"DIY Electronics &amp; tools for the maker!\",\"potentialAction\":[{\"@type\":\"SearchAction\",\"target\":{\"@type\":\"EntryPoint\",\"urlTemplate\":\"https:\/\/whadda.com\/fr\/?s={search_term_string}\"},\"query-input\":{\"@type\":\"PropertyValueSpecification\",\"valueRequired\":true,\"valueName\":\"search_term_string\"}}],\"inLanguage\":\"fr-FR\"}]}<\/script>\n<!-- \/ Yoast SEO Premium plugin. -->","yoast_head_json":{"title":"MODULE MOTEUR \u00c0 VIBRATIONS (2 pcs) - Whadda","description":"MODULE MOTEUR \u00c0 VIBRATIONS (2 pcs) - Whadda","robots":{"index":"index","follow":"follow","max-snippet":"max-snippet:-1","max-image-preview":"max-image-preview:large","max-video-preview":"max-video-preview:-1"},"canonical":"https:\/\/whadda.com\/fr\/produit\/module-moteur-a-vibrations-2-pcs-wpm458\/","og_locale":"fr_FR","og_type":"article","og_title":"MODULE MOTEUR \u00c0 VIBRATIONS (2 pcs)","og_description":"MODULE MOTEUR \u00c0 VIBRATIONS (2 pcs) - Whadda","og_url":"https:\/\/whadda.com\/fr\/produit\/module-moteur-a-vibrations-2-pcs-wpm458\/","og_site_name":"Whadda","article_publisher":"https:\/\/www.facebook.com\/WhaddaMakers\/","article_modified_time":"2024-02-14T06:44:46+00:00","og_image":[{"width":600,"height":450,"url":"https:\/\/cdn.whadda.com\/wp-content\/uploads\/2021\/05\/26065856\/wpm458-1.jpg","type":"image\/jpeg"}],"twitter_card":"summary_large_image","twitter_site":"@Whadda_Makers","twitter_misc":{"Dur\u00e9e de lecture estim\u00e9e":"2 minutes"},"schema":{"@context":"https:\/\/schema.org","@graph":[{"@type":"WebPage","@id":"https:\/\/whadda.com\/fr\/produit\/module-moteur-a-vibrations-2-pcs-wpm458\/","url":"https:\/\/whadda.com\/fr\/produit\/module-moteur-a-vibrations-2-pcs-wpm458\/","name":"MODULE MOTEUR \u00c0 VIBRATIONS (2 pcs) - Whadda","isPartOf":{"@id":"https:\/\/whadda.com\/fr\/#website"},"primaryImageOfPage":{"@id":"https:\/\/whadda.com\/fr\/produit\/module-moteur-a-vibrations-2-pcs-wpm458\/#primaryimage"},"image":{"@id":"https:\/\/whadda.com\/fr\/produit\/module-moteur-a-vibrations-2-pcs-wpm458\/#primaryimage"},"thumbnailUrl":"https:\/\/cdn.whadda.com\/wp-content\/uploads\/2021\/05\/26065856\/wpm458-1.jpg","datePublished":"2021-05-18T08:14:56+00:00","dateModified":"2024-02-14T06:44:46+00:00","description":"MODULE MOTEUR \u00c0 VIBRATIONS (2 pcs) - Whadda","breadcrumb":{"@id":"https:\/\/whadda.com\/fr\/produit\/module-moteur-a-vibrations-2-pcs-wpm458\/#breadcrumb"},"inLanguage":"fr-FR","potentialAction":[{"@type":"ReadAction","target":["https:\/\/whadda.com\/fr\/produit\/module-moteur-a-vibrations-2-pcs-wpm458\/"]}]},{"@type":"ImageObject","inLanguage":"fr-FR","@id":"https:\/\/whadda.com\/fr\/produit\/module-moteur-a-vibrations-2-pcs-wpm458\/#primaryimage","url":"https:\/\/cdn.whadda.com\/wp-content\/uploads\/2021\/05\/26065856\/wpm458-1.jpg","contentUrl":"https:\/\/cdn.whadda.com\/wp-content\/uploads\/2021\/05\/26065856\/wpm458-1.jpg","width":600,"height":450},{"@type":"BreadcrumbList","@id":"https:\/\/whadda.com\/fr\/produit\/module-moteur-a-vibrations-2-pcs-wpm458\/#breadcrumb","itemListElement":[{"@type":"ListItem","position":1,"name":"Home","item":"https:\/\/whadda.com\/fr\/"},{"@type":"ListItem","position":2,"name":"Boutique","item":"https:\/\/whadda.com\/fr\/boutique\/"},{"@type":"ListItem","position":3,"name":"MODULE MOTEUR \u00c0 VIBRATIONS (2 pcs)"}]},{"@type":"WebSite","@id":"https:\/\/whadda.com\/fr\/#website","url":"https:\/\/whadda.com\/fr\/","name":"Whadda","description":"DIY Electronics &amp; tools for the maker!","potentialAction":[{"@type":"SearchAction","target":{"@type":"EntryPoint","urlTemplate":"https:\/\/whadda.com\/fr\/?s={search_term_string}"},"query-input":{"@type":"PropertyValueSpecification","valueRequired":true,"valueName":"search_term_string"}}],"inLanguage":"fr-FR"}]}},"_links":{"self":[{"href":"https:\/\/whadda.com\/fr\/wp-json\/wp\/v2\/product\/105655","targetHints":{"allow":["GET"]}}],"collection":[{"href":"https:\/\/whadda.com\/fr\/wp-json\/wp\/v2\/product"}],"about":[{"href":"https:\/\/whadda.com\/fr\/wp-json\/wp\/v2\/types\/product"}],"wp:featuredmedia":[{"embeddable":true,"href":"https:\/\/whadda.com\/fr\/wp-json\/wp\/v2\/media\/101830"}],"wp:attachment":[{"href":"https:\/\/whadda.com\/fr\/wp-json\/wp\/v2\/media?parent=105655"}],"wp:term":[{"taxonomy":"product_brand","embeddable":true,"href":"https:\/\/whadda.com\/fr\/wp-json\/wp\/v2\/product_brand?post=105655"},{"taxonomy":"product_cat","embeddable":true,"href":"https:\/\/whadda.com\/fr\/wp-json\/wp\/v2\/product_cat?post=105655"},{"taxonomy":"product_tag","embeddable":true,"href":"https:\/\/whadda.com\/fr\/wp-json\/wp\/v2\/product_tag?post=105655"}],"curies":[{"name":"wp","href":"https:\/\/api.w.org\/{rel}","templated":true}]}}