{"id":105555,"date":"2021-04-23T12:35:11","date_gmt":"2021-04-23T10:35:11","guid":{"rendered":"https:\/\/whadda.com\/product\/module-de-transmission-infrarouge-2-pcs-wpm316\/"},"modified":"2024-02-14T07:40:27","modified_gmt":"2024-02-14T06:40:27","slug":"module-de-transmission-infrarouge-2-pcs-wpm316","status":"publish","type":"product","link":"https:\/\/whadda.com\/fr\/produit\/module-de-transmission-infrarouge-2-pcs-wpm316\/","title":{"rendered":"MODULE DE TRANSMISSION INFRAROUGE (2 pcs)"},"content":{"rendered":"<p>Ce module s&rsquo;utilise pour transmettre des donn\u00e9es en utilisant la lumi\u00e8re infrarouge. Couramment utilis\u00e9 dans les t\u00e9l\u00e9commandes.<\/p>\n<p>Ce produit est un remplacement de: VMA316<\/p>\n<h3>Caract\ufffdristiques<\/h3>\n<ul>\n<li>Communication sans fil: Avec l&rsquo;\u00e9metteur IR, vous pouvez transf\u00e9rer des donn\u00e9es efficacement via la lumi\u00e8re infrarouge.<\/li>\n<li>Applications universelles: Gr\u00e2ce \u00e0 la technologie infrarouge, le module peut \u00eatre utilis\u00e9 dans divers dispositifs, tels que les t\u00e9l\u00e9commandes universelles.<\/li>\n<li>Design compact: Avec ses dimensions r\u00e9duites, l&rsquo;\u00e9metteur IR peut \u00eatre facilement int\u00e9gr\u00e9 dans divers projets sans prendre beaucoup de place.<\/li>\n<li>Fabriqu\u00e9 en Belgique: Whadda est une marque unique de la soci\u00e9t\u00e9 belge Velleman Group destin\u00e9e aux hobbyistes et makers qui veulent se plonger dans la programmation, l&rsquo;\u00e9lectronique et la m\u00e9canique.<\/li>\n<li>Projet STEM: D\u00e9veloppez et am\u00e9liorez vos comp\u00e9tences STEM avec ce kit \u00e9ducatif qui vous permettra d&rsquo;acqu\u00e9rir les connaissances, les comp\u00e9tences et l&rsquo;exp\u00e9rience requises pour relever les d\u00e9fis technologiques de l&rsquo;avenir. Ce kit \u00e9ducatif contribue au d\u00e9veloppement de la r\u00e9solution de probl\u00e8mes et la pens\u00e9e cr\u00e9ative.<\/li>\n<\/ul>\n<h3>Specifications<\/h3>\n<ul>\n<li>Informations de base sur le produit:\n<ul>\n<li>Langues du manuel d&rsquo;instructions: anglais<\/li>\n<li>Couleurs primaires: Blanc<\/li>\n<li>Profondeur du produit: 35 mm<\/li>\n<li>Hauteur du produit: 8 mm<\/li>\n<li>Largeur du produit: 15 mm<\/li>\n<li>Poids Produit: 8 g<\/li>\n<\/ul>\n<\/li>\n<li>Donn\u00e9es techniques:\n<ul>\n<li>Sp\u00e9cifications kits &amp; modules: Sp\u00e9cifications &lt;ul&gt; &lt;li&gt;max. courant\u00a0: 20\u00a0mA&lt;\/li&gt; &lt;li&gt;connexion\u00a0: 3 broches, seuls GND (-) et S sont utilis\u00e9s&lt;\/li&gt; &lt;li&gt;remarque\u00a0: il n&rsquo;y a pas de r\u00e9sistance de limitation de courant sur le module&lt;\/li&gt; &lt;\/ul&gt;\u00a0\u00bb<\/li>\n<\/ul>\n<\/li>\n<li>Caract\u00e9ristiques de fonctionnement:\n<ul>\n<li>Niveau de comp\u00e9tence en codage: 3<\/li>\n<li>Niveau de comp\u00e9tence en \u00e9lectronique: 2<\/li>\n<li>Niveau de comp\u00e9tence en m\u00e9canique: 1<\/li>\n<li>Niveau de comp\u00e9tence en soudure: non<\/li>\n<\/ul>\n<\/li>\n<\/ul>\n","protected":false},"excerpt":{"rendered":"<p>MODULE DE TRANSMISSION INFRAROUGE (2 pcs)<\/p>\n","protected":false},"featured_media":98635,"template":"","meta":[],"product_brand":[],"product_cat":[2445],"product_tag":[2511,2515,2519],"class_list":{"0":"post-105555","1":"product","2":"type-product","3":"status-publish","4":"has-post-thumbnail","6":"product_cat-programming-computing-prototypinginterfacesfr","7":"product_tag-codage-niveau-3","8":"product_tag-electronique-niveau-2","9":"product_tag-mecanique-niveau-1","11":"first","12":"instock","13":"taxable","14":"shipping-taxable","15":"purchasable","16":"product-type-simple"},"yoast_head":"<!-- This site is optimized with the Yoast SEO Premium plugin v25.3.1 (Yoast SEO v25.3.1) - https:\/\/yoast.com\/wordpress\/plugins\/seo\/ -->\n<title>MODULE DE TRANSMISSION INFRAROUGE (2 pcs) - Whadda<\/title>\n<meta name=\"description\" content=\"MODULE DE TRANSMISSION INFRAROUGE (2 pcs) - Whadda\" \/>\n<meta name=\"robots\" content=\"index, follow, max-snippet:-1, max-image-preview:large, max-video-preview:-1\" \/>\n<link rel=\"canonical\" href=\"https:\/\/whadda.com\/fr\/produit\/module-de-transmission-infrarouge-2-pcs-wpm316\/\" \/>\n<meta property=\"og:locale\" content=\"fr_FR\" \/>\n<meta property=\"og:type\" content=\"article\" \/>\n<meta property=\"og:title\" content=\"MODULE DE TRANSMISSION INFRAROUGE (2 pcs)\" \/>\n<meta property=\"og:description\" content=\"MODULE DE TRANSMISSION INFRAROUGE (2 pcs) - Whadda\" \/>\n<meta property=\"og:url\" content=\"https:\/\/whadda.com\/fr\/produit\/module-de-transmission-infrarouge-2-pcs-wpm316\/\" \/>\n<meta property=\"og:site_name\" content=\"Whadda\" \/>\n<meta property=\"article:publisher\" content=\"https:\/\/www.facebook.com\/WhaddaMakers\/\" \/>\n<meta property=\"article:modified_time\" content=\"2024-02-14T06:40:27+00:00\" \/>\n<meta property=\"og:image\" content=\"https:\/\/cdn.whadda.com\/wp-content\/uploads\/2021\/01\/18141032\/vma316-1.jpg\" \/>\n\t<meta property=\"og:image:width\" content=\"600\" \/>\n\t<meta property=\"og:image:height\" content=\"450\" \/>\n\t<meta property=\"og:image:type\" content=\"image\/jpeg\" \/>\n<meta name=\"twitter:card\" content=\"summary_large_image\" \/>\n<meta name=\"twitter:site\" content=\"@Whadda_Makers\" \/>\n<meta name=\"twitter:label1\" content=\"Dur\u00e9e de lecture estim\u00e9e\" \/>\n\t<meta name=\"twitter:data1\" content=\"2 minutes\" \/>\n<script type=\"application\/ld+json\" class=\"yoast-schema-graph\">{\"@context\":\"https:\/\/schema.org\",\"@graph\":[{\"@type\":\"WebPage\",\"@id\":\"https:\/\/whadda.com\/fr\/produit\/module-de-transmission-infrarouge-2-pcs-wpm316\/\",\"url\":\"https:\/\/whadda.com\/fr\/produit\/module-de-transmission-infrarouge-2-pcs-wpm316\/\",\"name\":\"MODULE DE TRANSMISSION INFRAROUGE (2 pcs) - Whadda\",\"isPartOf\":{\"@id\":\"https:\/\/whadda.com\/fr\/#website\"},\"primaryImageOfPage\":{\"@id\":\"https:\/\/whadda.com\/fr\/produit\/module-de-transmission-infrarouge-2-pcs-wpm316\/#primaryimage\"},\"image\":{\"@id\":\"https:\/\/whadda.com\/fr\/produit\/module-de-transmission-infrarouge-2-pcs-wpm316\/#primaryimage\"},\"thumbnailUrl\":\"https:\/\/cdn.whadda.com\/wp-content\/uploads\/2021\/01\/18141032\/vma316-1.jpg\",\"datePublished\":\"2021-04-23T10:35:11+00:00\",\"dateModified\":\"2024-02-14T06:40:27+00:00\",\"description\":\"MODULE DE TRANSMISSION INFRAROUGE (2 pcs) - Whadda\",\"breadcrumb\":{\"@id\":\"https:\/\/whadda.com\/fr\/produit\/module-de-transmission-infrarouge-2-pcs-wpm316\/#breadcrumb\"},\"inLanguage\":\"fr-FR\",\"potentialAction\":[{\"@type\":\"ReadAction\",\"target\":[\"https:\/\/whadda.com\/fr\/produit\/module-de-transmission-infrarouge-2-pcs-wpm316\/\"]}]},{\"@type\":\"ImageObject\",\"inLanguage\":\"fr-FR\",\"@id\":\"https:\/\/whadda.com\/fr\/produit\/module-de-transmission-infrarouge-2-pcs-wpm316\/#primaryimage\",\"url\":\"https:\/\/cdn.whadda.com\/wp-content\/uploads\/2021\/01\/18141032\/vma316-1.jpg\",\"contentUrl\":\"https:\/\/cdn.whadda.com\/wp-content\/uploads\/2021\/01\/18141032\/vma316-1.jpg\",\"width\":600,\"height\":450},{\"@type\":\"BreadcrumbList\",\"@id\":\"https:\/\/whadda.com\/fr\/produit\/module-de-transmission-infrarouge-2-pcs-wpm316\/#breadcrumb\",\"itemListElement\":[{\"@type\":\"ListItem\",\"position\":1,\"name\":\"Home\",\"item\":\"https:\/\/whadda.com\/fr\/\"},{\"@type\":\"ListItem\",\"position\":2,\"name\":\"Boutique\",\"item\":\"https:\/\/whadda.com\/fr\/boutique\/\"},{\"@type\":\"ListItem\",\"position\":3,\"name\":\"MODULE DE TRANSMISSION INFRAROUGE (2 pcs)\"}]},{\"@type\":\"WebSite\",\"@id\":\"https:\/\/whadda.com\/fr\/#website\",\"url\":\"https:\/\/whadda.com\/fr\/\",\"name\":\"Whadda\",\"description\":\"DIY Electronics &amp; tools for the maker!\",\"potentialAction\":[{\"@type\":\"SearchAction\",\"target\":{\"@type\":\"EntryPoint\",\"urlTemplate\":\"https:\/\/whadda.com\/fr\/?s={search_term_string}\"},\"query-input\":{\"@type\":\"PropertyValueSpecification\",\"valueRequired\":true,\"valueName\":\"search_term_string\"}}],\"inLanguage\":\"fr-FR\"}]}<\/script>\n<!-- \/ Yoast SEO Premium plugin. -->","yoast_head_json":{"title":"MODULE DE TRANSMISSION INFRAROUGE (2 pcs) - Whadda","description":"MODULE DE TRANSMISSION INFRAROUGE (2 pcs) - Whadda","robots":{"index":"index","follow":"follow","max-snippet":"max-snippet:-1","max-image-preview":"max-image-preview:large","max-video-preview":"max-video-preview:-1"},"canonical":"https:\/\/whadda.com\/fr\/produit\/module-de-transmission-infrarouge-2-pcs-wpm316\/","og_locale":"fr_FR","og_type":"article","og_title":"MODULE DE TRANSMISSION INFRAROUGE (2 pcs)","og_description":"MODULE DE TRANSMISSION INFRAROUGE (2 pcs) - Whadda","og_url":"https:\/\/whadda.com\/fr\/produit\/module-de-transmission-infrarouge-2-pcs-wpm316\/","og_site_name":"Whadda","article_publisher":"https:\/\/www.facebook.com\/WhaddaMakers\/","article_modified_time":"2024-02-14T06:40:27+00:00","og_image":[{"width":600,"height":450,"url":"https:\/\/cdn.whadda.com\/wp-content\/uploads\/2021\/01\/18141032\/vma316-1.jpg","type":"image\/jpeg"}],"twitter_card":"summary_large_image","twitter_site":"@Whadda_Makers","twitter_misc":{"Dur\u00e9e de lecture estim\u00e9e":"2 minutes"},"schema":{"@context":"https:\/\/schema.org","@graph":[{"@type":"WebPage","@id":"https:\/\/whadda.com\/fr\/produit\/module-de-transmission-infrarouge-2-pcs-wpm316\/","url":"https:\/\/whadda.com\/fr\/produit\/module-de-transmission-infrarouge-2-pcs-wpm316\/","name":"MODULE DE TRANSMISSION INFRAROUGE (2 pcs) - Whadda","isPartOf":{"@id":"https:\/\/whadda.com\/fr\/#website"},"primaryImageOfPage":{"@id":"https:\/\/whadda.com\/fr\/produit\/module-de-transmission-infrarouge-2-pcs-wpm316\/#primaryimage"},"image":{"@id":"https:\/\/whadda.com\/fr\/produit\/module-de-transmission-infrarouge-2-pcs-wpm316\/#primaryimage"},"thumbnailUrl":"https:\/\/cdn.whadda.com\/wp-content\/uploads\/2021\/01\/18141032\/vma316-1.jpg","datePublished":"2021-04-23T10:35:11+00:00","dateModified":"2024-02-14T06:40:27+00:00","description":"MODULE DE TRANSMISSION INFRAROUGE (2 pcs) - Whadda","breadcrumb":{"@id":"https:\/\/whadda.com\/fr\/produit\/module-de-transmission-infrarouge-2-pcs-wpm316\/#breadcrumb"},"inLanguage":"fr-FR","potentialAction":[{"@type":"ReadAction","target":["https:\/\/whadda.com\/fr\/produit\/module-de-transmission-infrarouge-2-pcs-wpm316\/"]}]},{"@type":"ImageObject","inLanguage":"fr-FR","@id":"https:\/\/whadda.com\/fr\/produit\/module-de-transmission-infrarouge-2-pcs-wpm316\/#primaryimage","url":"https:\/\/cdn.whadda.com\/wp-content\/uploads\/2021\/01\/18141032\/vma316-1.jpg","contentUrl":"https:\/\/cdn.whadda.com\/wp-content\/uploads\/2021\/01\/18141032\/vma316-1.jpg","width":600,"height":450},{"@type":"BreadcrumbList","@id":"https:\/\/whadda.com\/fr\/produit\/module-de-transmission-infrarouge-2-pcs-wpm316\/#breadcrumb","itemListElement":[{"@type":"ListItem","position":1,"name":"Home","item":"https:\/\/whadda.com\/fr\/"},{"@type":"ListItem","position":2,"name":"Boutique","item":"https:\/\/whadda.com\/fr\/boutique\/"},{"@type":"ListItem","position":3,"name":"MODULE DE TRANSMISSION INFRAROUGE (2 pcs)"}]},{"@type":"WebSite","@id":"https:\/\/whadda.com\/fr\/#website","url":"https:\/\/whadda.com\/fr\/","name":"Whadda","description":"DIY Electronics &amp; tools for the maker!","potentialAction":[{"@type":"SearchAction","target":{"@type":"EntryPoint","urlTemplate":"https:\/\/whadda.com\/fr\/?s={search_term_string}"},"query-input":{"@type":"PropertyValueSpecification","valueRequired":true,"valueName":"search_term_string"}}],"inLanguage":"fr-FR"}]}},"_links":{"self":[{"href":"https:\/\/whadda.com\/fr\/wp-json\/wp\/v2\/product\/105555","targetHints":{"allow":["GET"]}}],"collection":[{"href":"https:\/\/whadda.com\/fr\/wp-json\/wp\/v2\/product"}],"about":[{"href":"https:\/\/whadda.com\/fr\/wp-json\/wp\/v2\/types\/product"}],"wp:featuredmedia":[{"embeddable":true,"href":"https:\/\/whadda.com\/fr\/wp-json\/wp\/v2\/media\/98635"}],"wp:attachment":[{"href":"https:\/\/whadda.com\/fr\/wp-json\/wp\/v2\/media?parent=105555"}],"wp:term":[{"taxonomy":"product_brand","embeddable":true,"href":"https:\/\/whadda.com\/fr\/wp-json\/wp\/v2\/product_brand?post=105555"},{"taxonomy":"product_cat","embeddable":true,"href":"https:\/\/whadda.com\/fr\/wp-json\/wp\/v2\/product_cat?post=105555"},{"taxonomy":"product_tag","embeddable":true,"href":"https:\/\/whadda.com\/fr\/wp-json\/wp\/v2\/product_tag?post=105555"}],"curies":[{"name":"wp","href":"https:\/\/api.w.org\/{rel}","templated":true}]}}