{"id":105539,"date":"2021-04-23T12:34:39","date_gmt":"2021-04-23T10:34:39","guid":{"rendered":"https:\/\/whadda.com\/product\/ecran-oled-0-96-avec-i2c-wpi438\/"},"modified":"2026-03-03T21:57:41","modified_gmt":"2026-03-03T20:57:41","slug":"ecran-oled-0-96-avec-i2c-wpi438","status":"publish","type":"product","link":"https:\/\/whadda.com\/fr\/produit\/ecran-oled-0-96-avec-i2c-wpi438\/","title":{"rendered":"\u00c9CRAN OLED 0.96&Prime; AVEC I2C"},"content":{"rendered":"<p>Les avantages de l&rsquo;OLED sont nombreux. Les \u00e9crans OLED sont plus lumineux, plus lisibles, plus contrast\u00e9s et permettent une faible consommation \u00e9lectrique et un angle de vue plus grand.<\/p>\n<p>Ce produit est un remplacement de: VMA438<\/p>\n<h3>Caract\ufffdristiques<\/h3>\n<ul>\n<li>Basse consommation: Les \u00e9crans OLED sont reconnus pour leur faible consommation d&rsquo;\u00e9nergie, ce qui signifie qu&rsquo;ils peuvent fonctionner plus longtemps sur une seule source d&rsquo;\u00e9nergie ou batterie.<\/li>\n<li>Images nettes: Gr\u00e2ce \u00e0 son haut contraste et \u00e0 ses images nettes, les utilisateurs peuvent lire l&rsquo;information plus facilement et rapidement, m\u00eame de loin.<\/li>\n<li>Large angle de vue: Avec un angle de vue de plus de 160\u00b0, les utilisateurs peuvent voir l&rsquo;\u00e9cran clairement presque sous n&rsquo;importe quel angle.<\/li>\n<li>Fabriqu\u00e9 en Belgique: Whadda est une marque unique de la soci\u00e9t\u00e9 belge Velleman Group destin\u00e9e aux hobbyistes et makers qui veulent se plonger dans la programmation, l&rsquo;\u00e9lectronique et la m\u00e9canique.<\/li>\n<li>Projet STEM: D\u00e9veloppez et am\u00e9liorez vos comp\u00e9tences STEM avec ce kit \u00e9ducatif qui vous permettra d&rsquo;acqu\u00e9rir les connaissances, les comp\u00e9tences et l&rsquo;exp\u00e9rience requises pour relever les d\u00e9fis technologiques de l&rsquo;avenir. Ce kit \u00e9ducatif contribue au d\u00e9veloppement de la r\u00e9solution de probl\u00e8mes et la pens\u00e9e cr\u00e9ative.<\/li>\n<\/ul>\n<h3>Specifications<\/h3>\n<ul>\n<li>Informations de base sur le produit:\n<ul>\n<li>Langues du manuel d&rsquo;instructions: anglais<\/li>\n<li>Couleurs primaires: Noir<\/li>\n<li>Profondeur du produit: 27 mm<\/li>\n<li>Largeur du produit: 27 mm<\/li>\n<li>Poids Produit: 10 g<\/li>\n<\/ul>\n<\/li>\n<li>Donn\u00e9es techniques:\n<ul>\n<li>Sp\u00e9cifications kits &amp; modules: Caract\u00e9ristiques r\u00e9solution : 128 x 64 points angle de vue : &gt; 160\u00b0 tension de fonctionnement : 3 &#8211; 5 V biblioth\u00e8que recommand\u00e9e\u00a0: U8glib interface : I2C pilote : SSD1306 temp\u00e9rature de fonctionnement : -30\u00b0C &#8211; 70\u00b0C Couleur OLED : bleu Niveau E\/S : 3,3 V et 5 V<\/li>\n<\/ul>\n<\/li>\n<li>Caract\u00e9ristiques de fonctionnement:\n<ul>\n<li>Niveau de comp\u00e9tence en codage: 3<\/li>\n<li>Niveau de comp\u00e9tence en \u00e9lectronique: 2<\/li>\n<li>Niveau de comp\u00e9tence en m\u00e9canique: 1<\/li>\n<li>Niveau de comp\u00e9tence en soudure: non<\/li>\n<\/ul>\n<\/li>\n<\/ul>\n","protected":false},"excerpt":{"rendered":"<p>\u00c9CRAN OLED 0.96&Prime; AVEC I2C<\/p>\n","protected":false},"featured_media":102240,"template":"","meta":[],"product_brand":[],"product_cat":[2445],"product_tag":[2511,2515,2519],"class_list":{"0":"post-105539","1":"product","2":"type-product","3":"status-publish","4":"has-post-thumbnail","6":"product_cat-programming-computing-prototypinginterfacesfr","7":"product_tag-codage-niveau-3","8":"product_tag-electronique-niveau-2","9":"product_tag-mecanique-niveau-1","11":"first","12":"instock","13":"taxable","14":"shipping-taxable","15":"purchasable","16":"product-type-simple"},"yoast_head":"<!-- This site is optimized with the Yoast SEO Premium plugin v25.3.1 (Yoast SEO v25.3.1) - https:\/\/yoast.com\/wordpress\/plugins\/seo\/ -->\n<title>\u00c9CRAN OLED 0.96&quot; AVEC I2C - Whadda<\/title>\n<meta name=\"description\" content=\"\u00c9CRAN OLED 0.96&quot; AVEC I2C - Whadda\" \/>\n<meta name=\"robots\" content=\"index, follow, max-snippet:-1, max-image-preview:large, max-video-preview:-1\" \/>\n<link rel=\"canonical\" href=\"https:\/\/whadda.com\/fr\/produit\/ecran-oled-0-96-avec-i2c-wpi438\/\" \/>\n<meta property=\"og:locale\" content=\"fr_FR\" \/>\n<meta property=\"og:type\" content=\"article\" \/>\n<meta property=\"og:title\" content=\"\u00c9CRAN OLED 0.96&quot; AVEC I2C\" \/>\n<meta property=\"og:description\" content=\"\u00c9CRAN OLED 0.96&quot; AVEC I2C - Whadda\" \/>\n<meta property=\"og:url\" content=\"https:\/\/whadda.com\/fr\/produit\/ecran-oled-0-96-avec-i2c-wpi438\/\" \/>\n<meta property=\"og:site_name\" content=\"Whadda\" \/>\n<meta property=\"article:publisher\" content=\"https:\/\/www.facebook.com\/WhaddaMakers\/\" \/>\n<meta property=\"article:modified_time\" content=\"2026-03-03T20:57:41+00:00\" \/>\n<meta property=\"og:image\" content=\"https:\/\/cdn.whadda.com\/wp-content\/uploads\/2021\/04\/10070024\/wpi438-2.jpg\" \/>\n\t<meta property=\"og:image:width\" content=\"600\" \/>\n\t<meta property=\"og:image:height\" content=\"450\" \/>\n\t<meta property=\"og:image:type\" content=\"image\/jpeg\" \/>\n<meta name=\"twitter:card\" content=\"summary_large_image\" \/>\n<meta name=\"twitter:site\" content=\"@Whadda_Makers\" \/>\n<meta name=\"twitter:label1\" content=\"Dur\u00e9e de lecture estim\u00e9e\" \/>\n\t<meta name=\"twitter:data1\" content=\"2 minutes\" \/>\n<script type=\"application\/ld+json\" class=\"yoast-schema-graph\">{\"@context\":\"https:\/\/schema.org\",\"@graph\":[{\"@type\":\"WebPage\",\"@id\":\"https:\/\/whadda.com\/fr\/produit\/ecran-oled-0-96-avec-i2c-wpi438\/\",\"url\":\"https:\/\/whadda.com\/fr\/produit\/ecran-oled-0-96-avec-i2c-wpi438\/\",\"name\":\"\u00c9CRAN OLED 0.96\\\" AVEC I2C - Whadda\",\"isPartOf\":{\"@id\":\"https:\/\/whadda.com\/fr\/#website\"},\"primaryImageOfPage\":{\"@id\":\"https:\/\/whadda.com\/fr\/produit\/ecran-oled-0-96-avec-i2c-wpi438\/#primaryimage\"},\"image\":{\"@id\":\"https:\/\/whadda.com\/fr\/produit\/ecran-oled-0-96-avec-i2c-wpi438\/#primaryimage\"},\"thumbnailUrl\":\"https:\/\/cdn.whadda.com\/wp-content\/uploads\/2021\/04\/10070024\/wpi438-2.jpg\",\"datePublished\":\"2021-04-23T10:34:39+00:00\",\"dateModified\":\"2026-03-03T20:57:41+00:00\",\"description\":\"\u00c9CRAN OLED 0.96\\\" AVEC I2C - Whadda\",\"breadcrumb\":{\"@id\":\"https:\/\/whadda.com\/fr\/produit\/ecran-oled-0-96-avec-i2c-wpi438\/#breadcrumb\"},\"inLanguage\":\"fr-FR\",\"potentialAction\":[{\"@type\":\"ReadAction\",\"target\":[\"https:\/\/whadda.com\/fr\/produit\/ecran-oled-0-96-avec-i2c-wpi438\/\"]}]},{\"@type\":\"ImageObject\",\"inLanguage\":\"fr-FR\",\"@id\":\"https:\/\/whadda.com\/fr\/produit\/ecran-oled-0-96-avec-i2c-wpi438\/#primaryimage\",\"url\":\"https:\/\/cdn.whadda.com\/wp-content\/uploads\/2021\/04\/10070024\/wpi438-2.jpg\",\"contentUrl\":\"https:\/\/cdn.whadda.com\/wp-content\/uploads\/2021\/04\/10070024\/wpi438-2.jpg\",\"width\":600,\"height\":450},{\"@type\":\"BreadcrumbList\",\"@id\":\"https:\/\/whadda.com\/fr\/produit\/ecran-oled-0-96-avec-i2c-wpi438\/#breadcrumb\",\"itemListElement\":[{\"@type\":\"ListItem\",\"position\":1,\"name\":\"Home\",\"item\":\"https:\/\/whadda.com\/fr\/\"},{\"@type\":\"ListItem\",\"position\":2,\"name\":\"Boutique\",\"item\":\"https:\/\/whadda.com\/fr\/boutique\/\"},{\"@type\":\"ListItem\",\"position\":3,\"name\":\"\u00c9CRAN OLED 0.96&#8243; AVEC I2C\"}]},{\"@type\":\"WebSite\",\"@id\":\"https:\/\/whadda.com\/fr\/#website\",\"url\":\"https:\/\/whadda.com\/fr\/\",\"name\":\"Whadda\",\"description\":\"DIY Electronics &amp; tools for the maker!\",\"potentialAction\":[{\"@type\":\"SearchAction\",\"target\":{\"@type\":\"EntryPoint\",\"urlTemplate\":\"https:\/\/whadda.com\/fr\/?s={search_term_string}\"},\"query-input\":{\"@type\":\"PropertyValueSpecification\",\"valueRequired\":true,\"valueName\":\"search_term_string\"}}],\"inLanguage\":\"fr-FR\"}]}<\/script>\n<!-- \/ Yoast SEO Premium plugin. -->","yoast_head_json":{"title":"\u00c9CRAN OLED 0.96\" AVEC I2C - Whadda","description":"\u00c9CRAN OLED 0.96\" AVEC I2C - Whadda","robots":{"index":"index","follow":"follow","max-snippet":"max-snippet:-1","max-image-preview":"max-image-preview:large","max-video-preview":"max-video-preview:-1"},"canonical":"https:\/\/whadda.com\/fr\/produit\/ecran-oled-0-96-avec-i2c-wpi438\/","og_locale":"fr_FR","og_type":"article","og_title":"\u00c9CRAN OLED 0.96\" AVEC I2C","og_description":"\u00c9CRAN OLED 0.96\" AVEC I2C - Whadda","og_url":"https:\/\/whadda.com\/fr\/produit\/ecran-oled-0-96-avec-i2c-wpi438\/","og_site_name":"Whadda","article_publisher":"https:\/\/www.facebook.com\/WhaddaMakers\/","article_modified_time":"2026-03-03T20:57:41+00:00","og_image":[{"width":600,"height":450,"url":"https:\/\/cdn.whadda.com\/wp-content\/uploads\/2021\/04\/10070024\/wpi438-2.jpg","type":"image\/jpeg"}],"twitter_card":"summary_large_image","twitter_site":"@Whadda_Makers","twitter_misc":{"Dur\u00e9e de lecture estim\u00e9e":"2 minutes"},"schema":{"@context":"https:\/\/schema.org","@graph":[{"@type":"WebPage","@id":"https:\/\/whadda.com\/fr\/produit\/ecran-oled-0-96-avec-i2c-wpi438\/","url":"https:\/\/whadda.com\/fr\/produit\/ecran-oled-0-96-avec-i2c-wpi438\/","name":"\u00c9CRAN OLED 0.96\" AVEC I2C - Whadda","isPartOf":{"@id":"https:\/\/whadda.com\/fr\/#website"},"primaryImageOfPage":{"@id":"https:\/\/whadda.com\/fr\/produit\/ecran-oled-0-96-avec-i2c-wpi438\/#primaryimage"},"image":{"@id":"https:\/\/whadda.com\/fr\/produit\/ecran-oled-0-96-avec-i2c-wpi438\/#primaryimage"},"thumbnailUrl":"https:\/\/cdn.whadda.com\/wp-content\/uploads\/2021\/04\/10070024\/wpi438-2.jpg","datePublished":"2021-04-23T10:34:39+00:00","dateModified":"2026-03-03T20:57:41+00:00","description":"\u00c9CRAN OLED 0.96\" AVEC I2C - Whadda","breadcrumb":{"@id":"https:\/\/whadda.com\/fr\/produit\/ecran-oled-0-96-avec-i2c-wpi438\/#breadcrumb"},"inLanguage":"fr-FR","potentialAction":[{"@type":"ReadAction","target":["https:\/\/whadda.com\/fr\/produit\/ecran-oled-0-96-avec-i2c-wpi438\/"]}]},{"@type":"ImageObject","inLanguage":"fr-FR","@id":"https:\/\/whadda.com\/fr\/produit\/ecran-oled-0-96-avec-i2c-wpi438\/#primaryimage","url":"https:\/\/cdn.whadda.com\/wp-content\/uploads\/2021\/04\/10070024\/wpi438-2.jpg","contentUrl":"https:\/\/cdn.whadda.com\/wp-content\/uploads\/2021\/04\/10070024\/wpi438-2.jpg","width":600,"height":450},{"@type":"BreadcrumbList","@id":"https:\/\/whadda.com\/fr\/produit\/ecran-oled-0-96-avec-i2c-wpi438\/#breadcrumb","itemListElement":[{"@type":"ListItem","position":1,"name":"Home","item":"https:\/\/whadda.com\/fr\/"},{"@type":"ListItem","position":2,"name":"Boutique","item":"https:\/\/whadda.com\/fr\/boutique\/"},{"@type":"ListItem","position":3,"name":"\u00c9CRAN OLED 0.96&#8243; AVEC I2C"}]},{"@type":"WebSite","@id":"https:\/\/whadda.com\/fr\/#website","url":"https:\/\/whadda.com\/fr\/","name":"Whadda","description":"DIY Electronics &amp; tools for the maker!","potentialAction":[{"@type":"SearchAction","target":{"@type":"EntryPoint","urlTemplate":"https:\/\/whadda.com\/fr\/?s={search_term_string}"},"query-input":{"@type":"PropertyValueSpecification","valueRequired":true,"valueName":"search_term_string"}}],"inLanguage":"fr-FR"}]}},"_links":{"self":[{"href":"https:\/\/whadda.com\/fr\/wp-json\/wp\/v2\/product\/105539","targetHints":{"allow":["GET"]}}],"collection":[{"href":"https:\/\/whadda.com\/fr\/wp-json\/wp\/v2\/product"}],"about":[{"href":"https:\/\/whadda.com\/fr\/wp-json\/wp\/v2\/types\/product"}],"wp:featuredmedia":[{"embeddable":true,"href":"https:\/\/whadda.com\/fr\/wp-json\/wp\/v2\/media\/102240"}],"wp:attachment":[{"href":"https:\/\/whadda.com\/fr\/wp-json\/wp\/v2\/media?parent=105539"}],"wp:term":[{"taxonomy":"product_brand","embeddable":true,"href":"https:\/\/whadda.com\/fr\/wp-json\/wp\/v2\/product_brand?post=105539"},{"taxonomy":"product_cat","embeddable":true,"href":"https:\/\/whadda.com\/fr\/wp-json\/wp\/v2\/product_cat?post=105539"},{"taxonomy":"product_tag","embeddable":true,"href":"https:\/\/whadda.com\/fr\/wp-json\/wp\/v2\/product_tag?post=105539"}],"curies":[{"name":"wp","href":"https:\/\/api.w.org\/{rel}","templated":true}]}}