{"id":105453,"date":"2020-10-27T10:51:19","date_gmt":"2020-10-27T09:51:19","guid":{"rendered":"https:\/\/whadda.com\/product\/radio-fm-a-commande-numerique-wsah194\/"},"modified":"2025-02-28T06:53:53","modified_gmt":"2025-02-28T05:53:53","slug":"radio-fm-a-commande-numerique-wsah194","status":"publish","type":"product","link":"https:\/\/whadda.com\/fr\/produit\/radio-fm-a-commande-numerique-wsah194\/","title":{"rendered":"RADIO FM \u00c0 COMMANDE NUM\u00c9RIQUE"},"content":{"rendered":"<p>Montez votre propre radio FM avec le nouveau r\u00e9cepteur FM de haute qualit\u00e9 et sensibilit\u00e9 excellente.<\/p>\n<p>Ce produit est un remplacement de: MK194N,MK194,MK118<\/p>\n<h3>Caract\ufffdristiques<\/h3>\n<ul>\n<li>\u00c9ducatif: D\u00e9couvrez le monde fascinant des kits de soudage Whadda et apprenez les bases de l&rsquo;\u00e9lectronique en r\u00e9alisant des projets passionnants. Chaque kit comprend des instructions et explications d\u00e9taill\u00e9es qui permet aux utilisateurs d\u00e9butants et avanc\u00e9s d&rsquo;apprendre et d&rsquo;exp\u00e9rimenter.<\/li>\n<li>Cr\u00e9ativit\u00e9: Donnez libre cours \u00e0 votre imagination et cr\u00e9ez des projets \u00e9lectroniques uniques avec les kits \u00e0 souder de Whadda. Donnez libre cours \u00e0 votre imagination et cr\u00e9ez votre propre projet !<\/li>\n<li>Fabriqu\u00e9 en Belgique: Whadda est une marque unique de la soci\u00e9t\u00e9 belge Velleman Group destin\u00e9e aux hobbyistes et makers qui veulent se plonger dans la programmation, l&rsquo;\u00e9lectronique et la m\u00e9canique.<\/li>\n<li>Projet STEM: D\u00e9veloppez et am\u00e9liorez vos comp\u00e9tences STEM avec ce kit \u00e9ducatif qui vous permettra d&rsquo;acqu\u00e9rir les connaissances, les comp\u00e9tences et l&rsquo;exp\u00e9rience requises pour relever les d\u00e9fis technologiques de l&rsquo;avenir. Ce kit \u00e9ducatif contribue au d\u00e9veloppement de la r\u00e9solution de probl\u00e8mes et la pens\u00e9e cr\u00e9ative.<\/li>\n<li>Adapt\u00e9 \u00e0 tous les \u00e2ges: Ce kit d&rsquo;exp\u00e9rimentation permet aux petits et aux grands de faire leurs premiers pas dans le monde fascinant de l&rsquo;\u00e9lectronique, m\u00eame avec peu ou pas de connaissances pr\u00e9alables.<\/li>\n<li>Pour petits et grands de 9 \u00e0 99 ans ! Pour les enfants de moins de 14 ans, il est exig\u00e9 d&rsquo;\u00eatre accompagn\u00e9 par un adulte.<\/li>\n<li>Pour commencer vous avez besoin des outils de base suivants (non inclus) : un fer ou une station de soudage, de l&rsquo;\u00e9tain et une pince. Un autre outil pratique est un tapis de soudage antistatique.<\/li>\n<li>Haut-parleur MLS1, MLS2, MLS3, MLS4 ou MLS5 est disponible s\u00e9par\u00e9ment.<\/li>\n<\/ul>\n<h3>Specifications<\/h3>\n<ul>\n<li>Informations de base sur le produit:\n<ul>\n<li>Langues du manuel d&rsquo;instructions: anglais<\/li>\n<li>Couleurs primaires: Noir<\/li>\n<li>Profondeur du produit: 86 mm<\/li>\n<li>Hauteur du produit: 45 mm<\/li>\n<li>Largeur du produit: 310 mm<\/li>\n<li>Poids Produit: 125 g<\/li>\n<\/ul>\n<\/li>\n<li>Caract\u00e9ristiques physiques:\n<ul>\n<li>Montage requis: Oui<\/li>\n<\/ul>\n<\/li>\n<li>Donn\u00e9es techniques:\n<ul>\n<li>Sp\u00e9cifications kits &amp; modules: &lt;ul&gt;&lt;li&gt;plage FM : 88 &#8211; 107.9 mHz (0.1 mHz par \u00e9tape)&lt;\/li&gt;&lt;li&gt;alimentation: pile 9V (non incl.)&lt;\/li&gt;&lt;li&gt;consommation : 40 mA max.&lt;\/li&gt;&lt;\/ul&gt;<\/li>\n<\/ul>\n<\/li>\n<li>Caract\u00e9ristiques de fonctionnement:\n<ul>\n<li>Niveau de comp\u00e9tence en codage: non<\/li>\n<li>Niveau de comp\u00e9tence en \u00e9lectronique: non<\/li>\n<li>Niveau de comp\u00e9tence en m\u00e9canique: non<\/li>\n<li>Niveau de comp\u00e9tence en soudure: non<\/li>\n<\/ul>\n<\/li>\n<\/ul>\n","protected":false},"excerpt":{"rendered":"<p>RADIO FM \u00c0 COMMANDE NUM\u00c9RIQUE<\/p>\n","protected":false},"featured_media":103202,"template":"","meta":[],"product_brand":[],"product_cat":[2432],"product_tag":[],"class_list":{"0":"post-105453","1":"product","2":"type-product","3":"status-publish","4":"has-post-thumbnail","6":"product_cat-soldering-kits-mini-kitsaudio-hifi-applicationsfr","8":"first","9":"outofstock","10":"taxable","11":"shipping-taxable","12":"purchasable","13":"product-type-simple"},"yoast_head":"<!-- This site is optimized with the Yoast SEO Premium plugin v25.3.1 (Yoast SEO v25.3.1) - https:\/\/yoast.com\/wordpress\/plugins\/seo\/ -->\n<title>RADIO FM \u00c0 COMMANDE NUM\u00c9RIQUE - Whadda<\/title>\n<meta name=\"description\" content=\"RADIO FM \u00c0 COMMANDE NUM\u00c9RIQUE - Whadda\" \/>\n<meta name=\"robots\" content=\"index, follow, max-snippet:-1, max-image-preview:large, max-video-preview:-1\" \/>\n<link rel=\"canonical\" href=\"https:\/\/whadda.com\/fr\/produit\/radio-fm-a-commande-numerique-wsah194\/\" \/>\n<meta property=\"og:locale\" content=\"fr_FR\" \/>\n<meta property=\"og:type\" content=\"article\" \/>\n<meta property=\"og:title\" content=\"RADIO FM \u00c0 COMMANDE NUM\u00c9RIQUE\" \/>\n<meta property=\"og:description\" content=\"RADIO FM \u00c0 COMMANDE NUM\u00c9RIQUE - Whadda\" \/>\n<meta property=\"og:url\" content=\"https:\/\/whadda.com\/fr\/produit\/radio-fm-a-commande-numerique-wsah194\/\" \/>\n<meta property=\"og:site_name\" content=\"Whadda\" \/>\n<meta property=\"article:publisher\" content=\"https:\/\/www.facebook.com\/WhaddaMakers\/\" \/>\n<meta property=\"article:modified_time\" content=\"2025-02-28T05:53:53+00:00\" \/>\n<meta property=\"og:image\" content=\"https:\/\/cdn.whadda.com\/wp-content\/uploads\/2020\/10\/04065826\/wsah194.jpg\" \/>\n\t<meta property=\"og:image:width\" content=\"600\" \/>\n\t<meta property=\"og:image:height\" content=\"450\" \/>\n\t<meta property=\"og:image:type\" content=\"image\/jpeg\" \/>\n<meta name=\"twitter:card\" content=\"summary_large_image\" \/>\n<meta name=\"twitter:site\" content=\"@Whadda_Makers\" \/>\n<meta name=\"twitter:label1\" content=\"Dur\u00e9e de lecture estim\u00e9e\" \/>\n\t<meta name=\"twitter:data1\" content=\"2 minutes\" \/>\n<script type=\"application\/ld+json\" class=\"yoast-schema-graph\">{\"@context\":\"https:\/\/schema.org\",\"@graph\":[{\"@type\":\"WebPage\",\"@id\":\"https:\/\/whadda.com\/fr\/produit\/radio-fm-a-commande-numerique-wsah194\/\",\"url\":\"https:\/\/whadda.com\/fr\/produit\/radio-fm-a-commande-numerique-wsah194\/\",\"name\":\"RADIO FM \u00c0 COMMANDE NUM\u00c9RIQUE - Whadda\",\"isPartOf\":{\"@id\":\"https:\/\/whadda.com\/fr\/#website\"},\"primaryImageOfPage\":{\"@id\":\"https:\/\/whadda.com\/fr\/produit\/radio-fm-a-commande-numerique-wsah194\/#primaryimage\"},\"image\":{\"@id\":\"https:\/\/whadda.com\/fr\/produit\/radio-fm-a-commande-numerique-wsah194\/#primaryimage\"},\"thumbnailUrl\":\"https:\/\/cdn.whadda.com\/wp-content\/uploads\/2020\/10\/04065826\/wsah194.jpg\",\"datePublished\":\"2020-10-27T09:51:19+00:00\",\"dateModified\":\"2025-02-28T05:53:53+00:00\",\"description\":\"RADIO FM \u00c0 COMMANDE NUM\u00c9RIQUE - Whadda\",\"breadcrumb\":{\"@id\":\"https:\/\/whadda.com\/fr\/produit\/radio-fm-a-commande-numerique-wsah194\/#breadcrumb\"},\"inLanguage\":\"fr-FR\",\"potentialAction\":[{\"@type\":\"ReadAction\",\"target\":[\"https:\/\/whadda.com\/fr\/produit\/radio-fm-a-commande-numerique-wsah194\/\"]}]},{\"@type\":\"ImageObject\",\"inLanguage\":\"fr-FR\",\"@id\":\"https:\/\/whadda.com\/fr\/produit\/radio-fm-a-commande-numerique-wsah194\/#primaryimage\",\"url\":\"https:\/\/cdn.whadda.com\/wp-content\/uploads\/2020\/10\/04065826\/wsah194.jpg\",\"contentUrl\":\"https:\/\/cdn.whadda.com\/wp-content\/uploads\/2020\/10\/04065826\/wsah194.jpg\",\"width\":600,\"height\":450},{\"@type\":\"BreadcrumbList\",\"@id\":\"https:\/\/whadda.com\/fr\/produit\/radio-fm-a-commande-numerique-wsah194\/#breadcrumb\",\"itemListElement\":[{\"@type\":\"ListItem\",\"position\":1,\"name\":\"Home\",\"item\":\"https:\/\/whadda.com\/fr\/\"},{\"@type\":\"ListItem\",\"position\":2,\"name\":\"Boutique\",\"item\":\"https:\/\/whadda.com\/fr\/boutique\/\"},{\"@type\":\"ListItem\",\"position\":3,\"name\":\"RADIO FM \u00c0 COMMANDE NUM\u00c9RIQUE\"}]},{\"@type\":\"WebSite\",\"@id\":\"https:\/\/whadda.com\/fr\/#website\",\"url\":\"https:\/\/whadda.com\/fr\/\",\"name\":\"Whadda\",\"description\":\"DIY Electronics &amp; tools for the maker!\",\"potentialAction\":[{\"@type\":\"SearchAction\",\"target\":{\"@type\":\"EntryPoint\",\"urlTemplate\":\"https:\/\/whadda.com\/fr\/?s={search_term_string}\"},\"query-input\":{\"@type\":\"PropertyValueSpecification\",\"valueRequired\":true,\"valueName\":\"search_term_string\"}}],\"inLanguage\":\"fr-FR\"}]}<\/script>\n<!-- \/ Yoast SEO Premium plugin. -->","yoast_head_json":{"title":"RADIO FM \u00c0 COMMANDE NUM\u00c9RIQUE - Whadda","description":"RADIO FM \u00c0 COMMANDE NUM\u00c9RIQUE - Whadda","robots":{"index":"index","follow":"follow","max-snippet":"max-snippet:-1","max-image-preview":"max-image-preview:large","max-video-preview":"max-video-preview:-1"},"canonical":"https:\/\/whadda.com\/fr\/produit\/radio-fm-a-commande-numerique-wsah194\/","og_locale":"fr_FR","og_type":"article","og_title":"RADIO FM \u00c0 COMMANDE NUM\u00c9RIQUE","og_description":"RADIO FM \u00c0 COMMANDE NUM\u00c9RIQUE - Whadda","og_url":"https:\/\/whadda.com\/fr\/produit\/radio-fm-a-commande-numerique-wsah194\/","og_site_name":"Whadda","article_publisher":"https:\/\/www.facebook.com\/WhaddaMakers\/","article_modified_time":"2025-02-28T05:53:53+00:00","og_image":[{"width":600,"height":450,"url":"https:\/\/cdn.whadda.com\/wp-content\/uploads\/2020\/10\/04065826\/wsah194.jpg","type":"image\/jpeg"}],"twitter_card":"summary_large_image","twitter_site":"@Whadda_Makers","twitter_misc":{"Dur\u00e9e de lecture estim\u00e9e":"2 minutes"},"schema":{"@context":"https:\/\/schema.org","@graph":[{"@type":"WebPage","@id":"https:\/\/whadda.com\/fr\/produit\/radio-fm-a-commande-numerique-wsah194\/","url":"https:\/\/whadda.com\/fr\/produit\/radio-fm-a-commande-numerique-wsah194\/","name":"RADIO FM \u00c0 COMMANDE NUM\u00c9RIQUE - Whadda","isPartOf":{"@id":"https:\/\/whadda.com\/fr\/#website"},"primaryImageOfPage":{"@id":"https:\/\/whadda.com\/fr\/produit\/radio-fm-a-commande-numerique-wsah194\/#primaryimage"},"image":{"@id":"https:\/\/whadda.com\/fr\/produit\/radio-fm-a-commande-numerique-wsah194\/#primaryimage"},"thumbnailUrl":"https:\/\/cdn.whadda.com\/wp-content\/uploads\/2020\/10\/04065826\/wsah194.jpg","datePublished":"2020-10-27T09:51:19+00:00","dateModified":"2025-02-28T05:53:53+00:00","description":"RADIO FM \u00c0 COMMANDE NUM\u00c9RIQUE - Whadda","breadcrumb":{"@id":"https:\/\/whadda.com\/fr\/produit\/radio-fm-a-commande-numerique-wsah194\/#breadcrumb"},"inLanguage":"fr-FR","potentialAction":[{"@type":"ReadAction","target":["https:\/\/whadda.com\/fr\/produit\/radio-fm-a-commande-numerique-wsah194\/"]}]},{"@type":"ImageObject","inLanguage":"fr-FR","@id":"https:\/\/whadda.com\/fr\/produit\/radio-fm-a-commande-numerique-wsah194\/#primaryimage","url":"https:\/\/cdn.whadda.com\/wp-content\/uploads\/2020\/10\/04065826\/wsah194.jpg","contentUrl":"https:\/\/cdn.whadda.com\/wp-content\/uploads\/2020\/10\/04065826\/wsah194.jpg","width":600,"height":450},{"@type":"BreadcrumbList","@id":"https:\/\/whadda.com\/fr\/produit\/radio-fm-a-commande-numerique-wsah194\/#breadcrumb","itemListElement":[{"@type":"ListItem","position":1,"name":"Home","item":"https:\/\/whadda.com\/fr\/"},{"@type":"ListItem","position":2,"name":"Boutique","item":"https:\/\/whadda.com\/fr\/boutique\/"},{"@type":"ListItem","position":3,"name":"RADIO FM \u00c0 COMMANDE NUM\u00c9RIQUE"}]},{"@type":"WebSite","@id":"https:\/\/whadda.com\/fr\/#website","url":"https:\/\/whadda.com\/fr\/","name":"Whadda","description":"DIY Electronics &amp; tools for the maker!","potentialAction":[{"@type":"SearchAction","target":{"@type":"EntryPoint","urlTemplate":"https:\/\/whadda.com\/fr\/?s={search_term_string}"},"query-input":{"@type":"PropertyValueSpecification","valueRequired":true,"valueName":"search_term_string"}}],"inLanguage":"fr-FR"}]}},"_links":{"self":[{"href":"https:\/\/whadda.com\/fr\/wp-json\/wp\/v2\/product\/105453","targetHints":{"allow":["GET"]}}],"collection":[{"href":"https:\/\/whadda.com\/fr\/wp-json\/wp\/v2\/product"}],"about":[{"href":"https:\/\/whadda.com\/fr\/wp-json\/wp\/v2\/types\/product"}],"wp:featuredmedia":[{"embeddable":true,"href":"https:\/\/whadda.com\/fr\/wp-json\/wp\/v2\/media\/103202"}],"wp:attachment":[{"href":"https:\/\/whadda.com\/fr\/wp-json\/wp\/v2\/media?parent=105453"}],"wp:term":[{"taxonomy":"product_brand","embeddable":true,"href":"https:\/\/whadda.com\/fr\/wp-json\/wp\/v2\/product_brand?post=105453"},{"taxonomy":"product_cat","embeddable":true,"href":"https:\/\/whadda.com\/fr\/wp-json\/wp\/v2\/product_cat?post=105453"},{"taxonomy":"product_tag","embeddable":true,"href":"https:\/\/whadda.com\/fr\/wp-json\/wp\/v2\/product_tag?post=105453"}],"curies":[{"name":"wp","href":"https:\/\/api.w.org\/{rel}","templated":true}]}}